{"id":21,"date":"2024-06-20T19:29:59","date_gmt":"2024-06-20T17:29:59","guid":{"rendered":"https:\/\/www.prenatalgyncare.sk\/?page_id=21"},"modified":"2025-12-06T22:06:19","modified_gmt":"2025-12-06T21:06:19","slug":"domov","status":"publish","type":"page","link":"https:\/\/www.prenatalgyncare.sk\/","title":{"rendered":""},"content":{"rendered":"\n<p class=\"has-text-align-right\"><button translate=\"no\" class=\"btg-button btg-button-1\" data-btnid=\"1\" id=\"01\" data-url=\"https:\/\/www.prenatalgyncare.sk\/?page_id=672\" data-action=\"link\" data-target=\"_self\">Basic Information in English<span class=\"fas fa-earth-africa btg-icon \"><\/span><\/button><\/p>\n\n\n\n<p class=\"has-medium-font-size\"><\/p>\n\n\n\n<p>Vitajte na str\u00e1nkach na\u0161ej gynekologickej ambulancie, \u0161pecializovan\u00e9ho pracoviska zameran\u00e9ho na pokro\u010dil\u00fa ultrazvukov\u00fa diagnostiku v tehotenstve a gynekol\u00f3gii. Na\u0161\u00edm poslan\u00edm je poskytova\u0165 komplexn\u00fa a vysoko odborn\u00fa starostlivos\u0165 o zdravie \u017eeny v ka\u017edom obdob\u00ed jej \u017eivota, s d\u00f4razom na prec\u00edznu a modern\u00fa diagnostiku.<\/p>\n\n\n\n<p>Disponujeme modern\u00fdm pr\u00edstrojov\u00fdm vybaven\u00edm a kontinu\u00e1lne sa vzdel\u00e1vame v oblasti najnov\u0161\u00edch vy\u0161etrovac\u00edch met\u00f3d a ultrazvukov\u00fdch postupov v gynekol\u00f3gii a p\u00f4rodn\u00edctve. Zameriavame sa na detailn\u00e9 morfologick\u00e9 ultrazvukov\u00e9 vy\u0161etrenia plodu, 3D\/4D ultrazvuk, ako aj na expertn\u00fa ultrazvukov\u00fa diagnostiku gynekologick\u00fdch ochoren\u00ed.<\/p>\n\n\n\n<p>Vyu\u017e\u00edvame najmodernej\u0161ie vy\u0161etrenia na v\u010dasn\u00e9 odhalenie a presn\u00e9 pos\u00fadenie \u0161irok\u00e9ho spektra gynekologick\u00fdch stavov, \u010do umo\u017e\u0148uje nasadi\u0165 optim\u00e1lnu lie\u010dbu.<\/p>\n\n\n\n<p>Pon\u00fakame kompletn\u00fa prenat\u00e1lnu starostlivos\u0165 vr\u00e1tane v\u0161etk\u00fdch \u0161tandardn\u00fdch a nad\u0161tandardn\u00fdch ultrazvukov\u00fdch skr\u00edningov, ktor\u00e9 s\u00fa nevyhnutn\u00e9 pre sledovanie zdrav\u00e9ho v\u00fdvoja v\u00e1\u0161ho die\u0165a\u0165a.<\/p>\n\n\n\n<p>Ku ka\u017edej pacientke pristupujeme s maxim\u00e1lnou profesionalitou, empatiou a re\u0161pektom k jej individu\u00e1lnym potreb\u00e1m a ot\u00e1zkam. Na\u0161\u00edm cie\u013eom je vytvori\u0165 prostredie d\u00f4very a komfortu.<\/p>\n\n\n\n<p><\/p>\n\n\n\n<p><\/p>\n\n\n\n<p class=\"has-medium-font-size\"><strong>\u013dahko n\u00e1s viete kontaktova\u0165, pr\u00edpadne zada\u0165 po\u017eiadavku na r\u00f4zne vy\u0161etrenia aj cez www.napislekarovi.sk<\/strong><\/p>\n\n\n\n<div class=\"wp-block-buttons is-layout-flex wp-block-buttons-is-layout-flex\">\n<div class=\"wp-block-button\"><a class=\"wp-block-button__link wp-element-button\" href=\"https:\/\/napislekarovi.sk\/A28933\/-\">www.napislekarovi.sk<\/a><\/div>\n<\/div>\n\n\n\n<p class=\"has-medium-font-size\"><\/p>\n\n\n\n<p><\/p>\n\n\n\n<p class=\"has-medium-font-size\"><\/p>\n\n\n\n<div class=\"wp-block-buttons is-layout-flex wp-block-buttons-is-layout-flex\">\n<div class=\"wp-block-button\"><a class=\"wp-block-button__link wp-element-button\" href=\"https:\/\/www.prenatalgyncare.sk\/?page_id=352\">Ako sa objedna\u0165?<\/a><\/div>\n<\/div>\n\n\n\n<p><\/p>\n\n\n\n<p><\/p>\n\n\n\n<div class=\"wp-block-buttons is-layout-flex wp-block-buttons-is-layout-flex\">\n<div class=\"wp-block-button is-style-fill\"><a class=\"wp-block-button__link wp-element-button\" href=\"https:\/\/www.prenatalgyncare.sk\/?page_id=404\">Ako sa sta\u0165 na\u0161ou novou pacientkou?<\/a><\/div>\n<\/div>\n\n\n\n<p class=\"has-medium-font-size\"><\/p>\n\n\n\n<p><\/p>\n\n\n\n<div class=\"wp-block-buttons is-layout-flex wp-block-buttons-is-layout-flex\">\n<div class=\"wp-block-button\"><a class=\"wp-block-button__link wp-element-button\" href=\"https:\/\/www.e-vuc.sk\/bsk\/zdravotnictvo\/ambulantne-zdravotnicke-zariadenia\/bratislava-ii\/gynekologicka-ambuancia-prenatagyn-care-mudr.-michal-semivan-bratislava-ruzinov-prenatalgyn-care.html?page_id=150732\">Aktualne nepr\u00edtomnosti a z\u00e1stupuj\u00face zariadenie<\/a><\/div>\n<\/div>\n\n\n\n<p><\/p>\n\n\n\n<p><\/p>\n\n\n\n<figure class=\"wp-block-gallery has-nested-images columns-default is-cropped wp-block-gallery-1 is-layout-flex wp-block-gallery-is-layout-flex\">\n<figure class=\"wp-block-image size-large\"><img loading=\"lazy\" decoding=\"async\" width=\"1024\" height=\"577\" data-id=\"473\" src=\"https:\/\/www.prenatalgyncare.sk\/wp-content\/uploads\/2024\/11\/1000013767-1024x577.jpg\" alt=\"\" class=\"wp-image-473\" srcset=\"https:\/\/www.prenatalgyncare.sk\/wp-content\/uploads\/2024\/11\/1000013767-1024x577.jpg 1024w, https:\/\/www.prenatalgyncare.sk\/wp-content\/uploads\/2024\/11\/1000013767-300x169.jpg 300w, https:\/\/www.prenatalgyncare.sk\/wp-content\/uploads\/2024\/11\/1000013767-768x432.jpg 768w, https:\/\/www.prenatalgyncare.sk\/wp-content\/uploads\/2024\/11\/1000013767-1536x865.jpg 1536w, https:\/\/www.prenatalgyncare.sk\/wp-content\/uploads\/2024\/11\/1000013767-2048x1153.jpg 2048w\" sizes=\"auto, (max-width: 1024px) 100vw, 1024px\" \/><\/figure>\n\n\n\n<figure class=\"wp-block-image size-large\"><img loading=\"lazy\" decoding=\"async\" width=\"1024\" height=\"577\" data-id=\"475\" src=\"https:\/\/www.prenatalgyncare.sk\/wp-content\/uploads\/2024\/11\/1000013768-1024x577.jpg\" alt=\"\" class=\"wp-image-475\" srcset=\"https:\/\/www.prenatalgyncare.sk\/wp-content\/uploads\/2024\/11\/1000013768-1024x577.jpg 1024w, https:\/\/www.prenatalgyncare.sk\/wp-content\/uploads\/2024\/11\/1000013768-300x169.jpg 300w, https:\/\/www.prenatalgyncare.sk\/wp-content\/uploads\/2024\/11\/1000013768-768x432.jpg 768w, https:\/\/www.prenatalgyncare.sk\/wp-content\/uploads\/2024\/11\/1000013768-1536x865.jpg 1536w, https:\/\/www.prenatalgyncare.sk\/wp-content\/uploads\/2024\/11\/1000013768-2048x1153.jpg 2048w\" sizes=\"auto, (max-width: 1024px) 100vw, 1024px\" \/><\/figure>\n\n\n\n<figure class=\"wp-block-image size-large\"><img loading=\"lazy\" decoding=\"async\" width=\"1024\" height=\"577\" data-id=\"474\" src=\"https:\/\/www.prenatalgyncare.sk\/wp-content\/uploads\/2024\/11\/1000013771-1024x577.jpg\" alt=\"\" class=\"wp-image-474\" srcset=\"https:\/\/www.prenatalgyncare.sk\/wp-content\/uploads\/2024\/11\/1000013771-1024x577.jpg 1024w, https:\/\/www.prenatalgyncare.sk\/wp-content\/uploads\/2024\/11\/1000013771-300x169.jpg 300w, https:\/\/www.prenatalgyncare.sk\/wp-content\/uploads\/2024\/11\/1000013771-768x432.jpg 768w, https:\/\/www.prenatalgyncare.sk\/wp-content\/uploads\/2024\/11\/1000013771-1536x865.jpg 1536w, https:\/\/www.prenatalgyncare.sk\/wp-content\/uploads\/2024\/11\/1000013771-2048x1153.jpg 2048w\" sizes=\"auto, (max-width: 1024px) 100vw, 1024px\" \/><\/figure>\n\n\n\n<figure class=\"wp-block-image size-large\"><img loading=\"lazy\" decoding=\"async\" width=\"1024\" height=\"577\" data-id=\"471\" src=\"https:\/\/www.prenatalgyncare.sk\/wp-content\/uploads\/2024\/11\/1000013763-1024x577.jpg\" alt=\"\" class=\"wp-image-471\" srcset=\"https:\/\/www.prenatalgyncare.sk\/wp-content\/uploads\/2024\/11\/1000013763-1024x577.jpg 1024w, https:\/\/www.prenatalgyncare.sk\/wp-content\/uploads\/2024\/11\/1000013763-300x169.jpg 300w, https:\/\/www.prenatalgyncare.sk\/wp-content\/uploads\/2024\/11\/1000013763-768x432.jpg 768w, https:\/\/www.prenatalgyncare.sk\/wp-content\/uploads\/2024\/11\/1000013763-1536x865.jpg 1536w, https:\/\/www.prenatalgyncare.sk\/wp-content\/uploads\/2024\/11\/1000013763-2048x1153.jpg 2048w\" sizes=\"auto, (max-width: 1024px) 100vw, 1024px\" \/><\/figure>\n\n\n\n<figure class=\"wp-block-image size-large\"><img decoding=\"async\" data-id=\"470\" src=\"https:\/\/www.prenatalgyncare.sk\/wp-content\/uploads\/2024\/11\/1000013765-1024x577.jpg\" alt=\"\" class=\"wp-image-470\"\/><\/figure>\n<\/figure>\n\n\n\n<div class=\"wp-block-group\"><div class=\"wp-block-group__inner-container is-layout-constrained wp-block-group-is-layout-constrained\">\n<div class=\"wp-block-columns is-not-stacked-on-mobile is-layout-flex wp-container-core-columns-is-layout-9d6595d7 wp-block-columns-is-layout-flex\">\n<div class=\"wp-block-column is-layout-flow wp-block-column-is-layout-flow\" style=\"flex-basis:50%\"><\/div>\n\n\n\n<div class=\"wp-block-column is-layout-flow wp-block-column-is-layout-flow\"><\/div>\n\n\n\n<div class=\"wp-block-column is-layout-flow wp-block-column-is-layout-flow\"><\/div>\n\n\n\n<div class=\"wp-block-column is-layout-flow wp-block-column-is-layout-flow\"><\/div>\n\n\n\n<div class=\"wp-block-column is-layout-flow wp-block-column-is-layout-flow\" style=\"flex-basis:50%\"><\/div>\n\n\n\n<div class=\"wp-block-column is-layout-flow wp-block-column-is-layout-flow\"><\/div>\n<\/div>\n<\/div><\/div>\n\n\n\n<p><\/p>\n\n\n\n<p><\/p>\n\n\n<div id=\"metaslider-id-501\" style=\"width: 100%; margin: 0 auto;\" class=\"ml-slider-3-108-0 metaslider metaslider-flex metaslider-501 ml-slider has-dots-nav ms-theme-default-base\" role=\"region\" aria-label=\"Vy\u0161etrenia\" data-height=\"300\" data-width=\"700\">\n    <div id=\"metaslider_container_501\">\n        <div id=\"metaslider_501\">\n            <ul class='slides'>\n                <li style=\"display: block; width: 100%;\" class=\"slide-502 ms-image \" aria-roledescription=\"slide\" data-date=\"2024-11-19 14:56:34\" data-filename=\"LBC-AI.jpg\" data-slide-type=\"image\"><img loading=\"lazy\" decoding=\"async\" width=\"1159\" height=\"1650\" src=\"https:\/\/www.prenatalgyncare.sk\/wp-content\/uploads\/2024\/11\/LBC-AI.jpg\" class=\"slider-501 slide-502 msDefaultImage\" alt=\"\" rel=\"\" title=\"LBC AI\" style=\"margin: 0 auto; width: 30.1038961039%\" srcset=\"https:\/\/www.prenatalgyncare.sk\/wp-content\/uploads\/2024\/11\/LBC-AI.jpg 1159w, https:\/\/www.prenatalgyncare.sk\/wp-content\/uploads\/2024\/11\/LBC-AI-211x300.jpg 211w, https:\/\/www.prenatalgyncare.sk\/wp-content\/uploads\/2024\/11\/LBC-AI-719x1024.jpg 719w, https:\/\/www.prenatalgyncare.sk\/wp-content\/uploads\/2024\/11\/LBC-AI-768x1093.jpg 768w, https:\/\/www.prenatalgyncare.sk\/wp-content\/uploads\/2024\/11\/LBC-AI-1079x1536.jpg 1079w\" sizes=\"auto, (max-width: 1159px) 100vw, 1159px\" \/><\/li>\n                <li style=\"display: none; width: 100%;\" class=\"slide-503 ms-image \" aria-roledescription=\"slide\" data-date=\"2024-11-19 14:56:34\" data-filename=\"BRCA-1.jpg\" data-slide-type=\"image\"><img loading=\"lazy\" decoding=\"async\" width=\"774\" height=\"1652\" src=\"https:\/\/www.prenatalgyncare.sk\/wp-content\/uploads\/2024\/11\/BRCA-1.jpg\" class=\"slider-501 slide-503 msDefaultImage\" alt=\"\" rel=\"\" title=\"BRCA\" style=\"margin: 0 auto; width: 20.0795572466%\" srcset=\"https:\/\/www.prenatalgyncare.sk\/wp-content\/uploads\/2024\/11\/BRCA-1.jpg 774w, https:\/\/www.prenatalgyncare.sk\/wp-content\/uploads\/2024\/11\/BRCA-1-141x300.jpg 141w, https:\/\/www.prenatalgyncare.sk\/wp-content\/uploads\/2024\/11\/BRCA-1-480x1024.jpg 480w, https:\/\/www.prenatalgyncare.sk\/wp-content\/uploads\/2024\/11\/BRCA-1-768x1639.jpg 768w, https:\/\/www.prenatalgyncare.sk\/wp-content\/uploads\/2024\/11\/BRCA-1-720x1536.jpg 720w\" sizes=\"auto, (max-width: 774px) 100vw, 774px\" \/><\/li>\n                <li style=\"display: none; width: 100%;\" class=\"slide-504 ms-image \" aria-roledescription=\"slide\" data-date=\"2024-11-19 14:56:34\" data-filename=\"STI.jpg\" data-slide-type=\"image\"><img loading=\"lazy\" decoding=\"async\" width=\"785\" height=\"1639\" src=\"https:\/\/www.prenatalgyncare.sk\/wp-content\/uploads\/2024\/11\/STI.jpg\" class=\"slider-501 slide-504 msDefaultImage\" alt=\"\" rel=\"\" title=\"STI\" style=\"margin: 0 auto; width: 20.5264534124%\" srcset=\"https:\/\/www.prenatalgyncare.sk\/wp-content\/uploads\/2024\/11\/STI.jpg 785w, https:\/\/www.prenatalgyncare.sk\/wp-content\/uploads\/2024\/11\/STI-144x300.jpg 144w, https:\/\/www.prenatalgyncare.sk\/wp-content\/uploads\/2024\/11\/STI-490x1024.jpg 490w, https:\/\/www.prenatalgyncare.sk\/wp-content\/uploads\/2024\/11\/STI-768x1604.jpg 768w, https:\/\/www.prenatalgyncare.sk\/wp-content\/uploads\/2024\/11\/STI-736x1536.jpg 736w\" sizes=\"auto, (max-width: 785px) 100vw, 785px\" \/><\/li>\n                <li style=\"display: none; width: 100%;\" class=\"slide-505 ms-image \" aria-roledescription=\"slide\" data-date=\"2024-11-19 14:56:34\" data-filename=\"NIFTY.jpg\" data-slide-type=\"image\"><img loading=\"lazy\" decoding=\"async\" width=\"778\" height=\"1645\" src=\"https:\/\/www.prenatalgyncare.sk\/wp-content\/uploads\/2024\/11\/NIFTY.jpg\" class=\"slider-501 slide-505 msDefaultImage\" alt=\"\" rel=\"\" title=\"NIFTY\" style=\"margin: 0 auto; width: 20.2692140686%\" srcset=\"https:\/\/www.prenatalgyncare.sk\/wp-content\/uploads\/2024\/11\/NIFTY.jpg 778w, https:\/\/www.prenatalgyncare.sk\/wp-content\/uploads\/2024\/11\/NIFTY-142x300.jpg 142w, https:\/\/www.prenatalgyncare.sk\/wp-content\/uploads\/2024\/11\/NIFTY-484x1024.jpg 484w, https:\/\/www.prenatalgyncare.sk\/wp-content\/uploads\/2024\/11\/NIFTY-768x1624.jpg 768w, https:\/\/www.prenatalgyncare.sk\/wp-content\/uploads\/2024\/11\/NIFTY-726x1536.jpg 726w\" sizes=\"auto, (max-width: 778px) 100vw, 778px\" \/><\/li>\n            <\/ul>\n        <\/div>\n        \n    <\/div>\n<\/div>\n\n\n<p><\/p>\n\n\n\n<figure class=\"wp-block-pullquote\"><blockquote><p>\u201eChoroba d\u00e1va pozna\u0165 hodnotu zdravia, zlo hodnotu dobra, hlad nas\u00fdtenie, \u00fanava hodnotu pokoja.\u201c <br><\/p><cite>H\u00e9rakleitos (gr\u00e9cky filozof)<\/cite><\/blockquote><\/figure>\n","protected":false},"excerpt":{"rendered":"<p>Vitajte na str\u00e1nkach na\u0161ej gynekologickej ambulancie, \u0161pecializovan\u00e9ho pracoviska zameran\u00e9ho na pokro\u010dil\u00fa ultrazvukov\u00fa diagnostiku v tehotenstve a gynekol\u00f3gii. Na\u0161\u00edm poslan\u00edm je poskytova\u0165 komplexn\u00fa a vysoko odborn\u00fa starostlivos\u0165 o zdravie \u017eeny v ka\u017edom obdob\u00ed jej \u017eivota, s d\u00f4razom na prec\u00edznu a modern\u00fa diagnostiku. Disponujeme modern\u00fdm pr\u00edstrojov\u00fdm vybaven\u00edm a kontinu\u00e1lne sa vzdel\u00e1vame v oblasti najnov\u0161\u00edch vy\u0161etrovac\u00edch met\u00f3d a [&hellip;]<\/p>\n","protected":false},"author":1,"featured_media":0,"parent":0,"menu_order":0,"comment_status":"closed","ping_status":"closed","template":"","meta":{"om_disable_all_campaigns":false,"_monsterinsights_skip_tracking":false,"_monsterinsights_sitenote_active":false,"_monsterinsights_sitenote_note":"","_monsterinsights_sitenote_category":0,"_uf_show_specific_survey":0,"_uf_disable_surveys":false,"footnotes":""},"class_list":["post-21","page","type-page","status-publish","hentry"],"aioseo_notices":[],"yoast_head":"<!-- This site is optimized with the Yoast SEO plugin v27.4 - https:\/\/yoast.com\/product\/yoast-seo-wordpress\/ -->\n<title>- PrenatalGyn Care<\/title>\n<meta name=\"robots\" content=\"index, follow, max-snippet:-1, max-image-preview:large, max-video-preview:-1\" \/>\n<link rel=\"canonical\" href=\"https:\/\/www.prenatalgyncare.sk\/\" \/>\n<meta property=\"og:locale\" content=\"sk_SK\" \/>\n<meta property=\"og:type\" content=\"article\" \/>\n<meta property=\"og:title\" content=\"- PrenatalGyn Care\" \/>\n<meta property=\"og:description\" content=\"Vitajte na str\u00e1nkach na\u0161ej gynekologickej ambulancie, \u0161pecializovan\u00e9ho pracoviska zameran\u00e9ho na pokro\u010dil\u00fa ultrazvukov\u00fa diagnostiku v tehotenstve a gynekol\u00f3gii. Na\u0161\u00edm poslan\u00edm je poskytova\u0165 komplexn\u00fa a vysoko odborn\u00fa starostlivos\u0165 o zdravie \u017eeny v ka\u017edom obdob\u00ed jej \u017eivota, s d\u00f4razom na prec\u00edznu a modern\u00fa diagnostiku. Disponujeme modern\u00fdm pr\u00edstrojov\u00fdm vybaven\u00edm a kontinu\u00e1lne sa vzdel\u00e1vame v oblasti najnov\u0161\u00edch vy\u0161etrovac\u00edch met\u00f3d a [&hellip;]\" \/>\n<meta property=\"og:url\" content=\"https:\/\/www.prenatalgyncare.sk\/\" \/>\n<meta property=\"og:site_name\" content=\"PrenatalGyn Care\" \/>\n<meta property=\"article:modified_time\" content=\"2025-12-06T21:06:19+00:00\" \/>\n<meta property=\"og:image\" content=\"https:\/\/www.prenatalgyncare.sk\/wp-content\/uploads\/2024\/11\/1000013767-scaled.jpg\" \/>\n\t<meta property=\"og:image:width\" content=\"2560\" \/>\n\t<meta property=\"og:image:height\" content=\"1441\" \/>\n\t<meta property=\"og:image:type\" content=\"image\/jpeg\" \/>\n<meta name=\"twitter:card\" content=\"summary_large_image\" \/>\n<meta name=\"twitter:label1\" content=\"Predpokladan\u00fd \u010das \u010d\u00edtania\" \/>\n\t<meta name=\"twitter:data1\" content=\"2 min\u00faty\" \/>\n<script type=\"application\/ld+json\" class=\"yoast-schema-graph\">{\"@context\":\"https:\\\/\\\/schema.org\",\"@graph\":[{\"@type\":\"WebPage\",\"@id\":\"https:\\\/\\\/www.prenatalgyncare.sk\\\/\",\"url\":\"https:\\\/\\\/www.prenatalgyncare.sk\\\/\",\"name\":\"- PrenatalGyn Care\",\"isPartOf\":{\"@id\":\"https:\\\/\\\/www.prenatalgyncare.sk\\\/#website\"},\"primaryImageOfPage\":{\"@id\":\"https:\\\/\\\/www.prenatalgyncare.sk\\\/#primaryimage\"},\"image\":{\"@id\":\"https:\\\/\\\/www.prenatalgyncare.sk\\\/#primaryimage\"},\"thumbnailUrl\":\"https:\\\/\\\/www.prenatalgyncare.sk\\\/wp-content\\\/uploads\\\/2024\\\/11\\\/1000013767-1024x577.jpg\",\"datePublished\":\"2024-06-20T17:29:59+00:00\",\"dateModified\":\"2025-12-06T21:06:19+00:00\",\"inLanguage\":\"sk-SK\",\"potentialAction\":[{\"@type\":\"ReadAction\",\"target\":[\"https:\\\/\\\/www.prenatalgyncare.sk\\\/\"]}]},{\"@type\":\"ImageObject\",\"inLanguage\":\"sk-SK\",\"@id\":\"https:\\\/\\\/www.prenatalgyncare.sk\\\/#primaryimage\",\"url\":\"https:\\\/\\\/www.prenatalgyncare.sk\\\/wp-content\\\/uploads\\\/2024\\\/11\\\/1000013767-scaled.jpg\",\"contentUrl\":\"https:\\\/\\\/www.prenatalgyncare.sk\\\/wp-content\\\/uploads\\\/2024\\\/11\\\/1000013767-scaled.jpg\",\"width\":2560,\"height\":1441},{\"@type\":\"WebSite\",\"@id\":\"https:\\\/\\\/www.prenatalgyncare.sk\\\/#website\",\"url\":\"https:\\\/\\\/www.prenatalgyncare.sk\\\/\",\"name\":\"PrenatalGyn Care\",\"description\":\"\",\"publisher\":{\"@id\":\"https:\\\/\\\/www.prenatalgyncare.sk\\\/#organization\"},\"potentialAction\":[{\"@type\":\"SearchAction\",\"target\":{\"@type\":\"EntryPoint\",\"urlTemplate\":\"https:\\\/\\\/www.prenatalgyncare.sk\\\/?s={search_term_string}\"},\"query-input\":{\"@type\":\"PropertyValueSpecification\",\"valueRequired\":true,\"valueName\":\"search_term_string\"}}],\"inLanguage\":\"sk-SK\"},{\"@type\":\"Organization\",\"@id\":\"https:\\\/\\\/www.prenatalgyncare.sk\\\/#organization\",\"name\":\"PrenatalGyn Care\",\"url\":\"https:\\\/\\\/www.prenatalgyncare.sk\\\/\",\"logo\":{\"@type\":\"ImageObject\",\"inLanguage\":\"sk-SK\",\"@id\":\"https:\\\/\\\/www.prenatalgyncare.sk\\\/#\\\/schema\\\/logo\\\/image\\\/\",\"url\":\"https:\\\/\\\/www.prenatalgyncare.sk\\\/wp-content\\\/uploads\\\/2024\\\/06\\\/cropped-LOGO-PGC-s-nazvom.png\",\"contentUrl\":\"https:\\\/\\\/www.prenatalgyncare.sk\\\/wp-content\\\/uploads\\\/2024\\\/06\\\/cropped-LOGO-PGC-s-nazvom.png\",\"width\":512,\"height\":512,\"caption\":\"PrenatalGyn Care\"},\"image\":{\"@id\":\"https:\\\/\\\/www.prenatalgyncare.sk\\\/#\\\/schema\\\/logo\\\/image\\\/\"}}]}<\/script>\n<!-- \/ Yoast SEO plugin. -->","yoast_head_json":{"title":"- PrenatalGyn Care","robots":{"index":"index","follow":"follow","max-snippet":"max-snippet:-1","max-image-preview":"max-image-preview:large","max-video-preview":"max-video-preview:-1"},"canonical":"https:\/\/www.prenatalgyncare.sk\/","og_locale":"sk_SK","og_type":"article","og_title":"- PrenatalGyn Care","og_description":"Vitajte na str\u00e1nkach na\u0161ej gynekologickej ambulancie, \u0161pecializovan\u00e9ho pracoviska zameran\u00e9ho na pokro\u010dil\u00fa ultrazvukov\u00fa diagnostiku v tehotenstve a gynekol\u00f3gii. Na\u0161\u00edm poslan\u00edm je poskytova\u0165 komplexn\u00fa a vysoko odborn\u00fa starostlivos\u0165 o zdravie \u017eeny v ka\u017edom obdob\u00ed jej \u017eivota, s d\u00f4razom na prec\u00edznu a modern\u00fa diagnostiku. Disponujeme modern\u00fdm pr\u00edstrojov\u00fdm vybaven\u00edm a kontinu\u00e1lne sa vzdel\u00e1vame v oblasti najnov\u0161\u00edch vy\u0161etrovac\u00edch met\u00f3d a [&hellip;]","og_url":"https:\/\/www.prenatalgyncare.sk\/","og_site_name":"PrenatalGyn Care","article_modified_time":"2025-12-06T21:06:19+00:00","og_image":[{"width":2560,"height":1441,"url":"https:\/\/www.prenatalgyncare.sk\/wp-content\/uploads\/2024\/11\/1000013767-scaled.jpg","type":"image\/jpeg"}],"twitter_card":"summary_large_image","twitter_misc":{"Predpokladan\u00fd \u010das \u010d\u00edtania":"2 min\u00faty"},"schema":{"@context":"https:\/\/schema.org","@graph":[{"@type":"WebPage","@id":"https:\/\/www.prenatalgyncare.sk\/","url":"https:\/\/www.prenatalgyncare.sk\/","name":"- PrenatalGyn Care","isPartOf":{"@id":"https:\/\/www.prenatalgyncare.sk\/#website"},"primaryImageOfPage":{"@id":"https:\/\/www.prenatalgyncare.sk\/#primaryimage"},"image":{"@id":"https:\/\/www.prenatalgyncare.sk\/#primaryimage"},"thumbnailUrl":"https:\/\/www.prenatalgyncare.sk\/wp-content\/uploads\/2024\/11\/1000013767-1024x577.jpg","datePublished":"2024-06-20T17:29:59+00:00","dateModified":"2025-12-06T21:06:19+00:00","inLanguage":"sk-SK","potentialAction":[{"@type":"ReadAction","target":["https:\/\/www.prenatalgyncare.sk\/"]}]},{"@type":"ImageObject","inLanguage":"sk-SK","@id":"https:\/\/www.prenatalgyncare.sk\/#primaryimage","url":"https:\/\/www.prenatalgyncare.sk\/wp-content\/uploads\/2024\/11\/1000013767-scaled.jpg","contentUrl":"https:\/\/www.prenatalgyncare.sk\/wp-content\/uploads\/2024\/11\/1000013767-scaled.jpg","width":2560,"height":1441},{"@type":"WebSite","@id":"https:\/\/www.prenatalgyncare.sk\/#website","url":"https:\/\/www.prenatalgyncare.sk\/","name":"PrenatalGyn Care","description":"","publisher":{"@id":"https:\/\/www.prenatalgyncare.sk\/#organization"},"potentialAction":[{"@type":"SearchAction","target":{"@type":"EntryPoint","urlTemplate":"https:\/\/www.prenatalgyncare.sk\/?s={search_term_string}"},"query-input":{"@type":"PropertyValueSpecification","valueRequired":true,"valueName":"search_term_string"}}],"inLanguage":"sk-SK"},{"@type":"Organization","@id":"https:\/\/www.prenatalgyncare.sk\/#organization","name":"PrenatalGyn Care","url":"https:\/\/www.prenatalgyncare.sk\/","logo":{"@type":"ImageObject","inLanguage":"sk-SK","@id":"https:\/\/www.prenatalgyncare.sk\/#\/schema\/logo\/image\/","url":"https:\/\/www.prenatalgyncare.sk\/wp-content\/uploads\/2024\/06\/cropped-LOGO-PGC-s-nazvom.png","contentUrl":"https:\/\/www.prenatalgyncare.sk\/wp-content\/uploads\/2024\/06\/cropped-LOGO-PGC-s-nazvom.png","width":512,"height":512,"caption":"PrenatalGyn Care"},"image":{"@id":"https:\/\/www.prenatalgyncare.sk\/#\/schema\/logo\/image\/"}}]}},"_links":{"self":[{"href":"https:\/\/www.prenatalgyncare.sk\/index.php?rest_route=\/wp\/v2\/pages\/21","targetHints":{"allow":["GET"]}}],"collection":[{"href":"https:\/\/www.prenatalgyncare.sk\/index.php?rest_route=\/wp\/v2\/pages"}],"about":[{"href":"https:\/\/www.prenatalgyncare.sk\/index.php?rest_route=\/wp\/v2\/types\/page"}],"author":[{"embeddable":true,"href":"https:\/\/www.prenatalgyncare.sk\/index.php?rest_route=\/wp\/v2\/users\/1"}],"replies":[{"embeddable":true,"href":"https:\/\/www.prenatalgyncare.sk\/index.php?rest_route=%2Fwp%2Fv2%2Fcomments&post=21"}],"version-history":[{"count":6,"href":"https:\/\/www.prenatalgyncare.sk\/index.php?rest_route=\/wp\/v2\/pages\/21\/revisions"}],"predecessor-version":[{"id":806,"href":"https:\/\/www.prenatalgyncare.sk\/index.php?rest_route=\/wp\/v2\/pages\/21\/revisions\/806"}],"wp:attachment":[{"href":"https:\/\/www.prenatalgyncare.sk\/index.php?rest_route=%2Fwp%2Fv2%2Fmedia&parent=21"}],"curies":[{"name":"wp","href":"https:\/\/api.w.org\/{rel}","templated":true}]}}