{"id":25,"date":"2024-06-20T20:47:47","date_gmt":"2024-06-20T18:47:47","guid":{"rendered":"https:\/\/www.prenatalgyncare.sk\/?page_id=25"},"modified":"2024-10-06T21:40:18","modified_gmt":"2024-10-06T19:40:18","slug":"sluzby","status":"publish","type":"page","link":"https:\/\/www.prenatalgyncare.sk\/?page_id=25","title":{"rendered":"Slu\u017eby"},"content":{"rendered":"\n<div class=\"wp-block-columns are-vertically-aligned-top is-layout-flex wp-container-core-columns-is-layout-9d6595d7 wp-block-columns-is-layout-flex\">\n<div class=\"wp-block-column is-vertically-aligned-top is-layout-flow wp-block-column-is-layout-flow\" style=\"flex-basis:100%\">\n<ul class=\"wp-block-list\">\n<li class=\"has-medium-font-size\"><strong>prevent\u00edvne prehliadky<\/strong><\/li>\n\n\n\n<li class=\"has-medium-font-size\"><strong>diagnostick\u00e9 vy\u0161etrenia<\/strong><\/li>\n\n\n\n<li class=\"has-medium-font-size\"><strong>ultrazvukov\u00e9 vy\u0161etrenia<\/strong><\/li>\n\n\n\n<li class=\"has-medium-font-size\"><strong>starostlivos\u0165 v tehotenstve<\/strong><\/li>\n\n\n\n<li class=\"has-medium-font-size\"><strong>odbery biologick\u00e9ho materi\u00e1lu<\/strong><\/li>\n\n\n\n<li class=\"has-medium-font-size\"><strong>ambulantn\u00e9 opera\u010dn\u00e9 z\u00e1kroky<\/strong><\/li>\n\n\n\n<li class=\"has-medium-font-size\"><strong>mana\u017ement pacientiek k opera\u010dn\u00fdm z\u00e1krokom v spolupracuj\u00facej nemocnici a jednod\u0148ovej chirurgii<\/strong><\/li>\n\n\n\n<li class=\"has-medium-font-size\"><strong>dohovor\u00edme sa aj v anglickom jazyku<\/strong><\/li>\n<\/ul>\n\n\n\n<div class=\"wp-block-buttons is-layout-flex wp-block-buttons-is-layout-flex\">\n<div class=\"wp-block-button\"><a class=\"wp-block-button__link wp-element-button\" href=\"https:\/\/www.prenatalgyncare.sk\/?page_id=120\">I. trimestr\u00e1lny kombinovan\u00fd skr\u00edning<\/a><\/div>\n<\/div>\n<\/div>\n<\/div>\n\n\n\n<p class=\"has-text-align-left\">V na\u0161ej ambulancii m\u00e1te mo\u017enos\u0165 zvoli\u0165 si nielen v\u00fdkony hraden\u00e9 pois\u0165ov\u0148ou, ale aj tie, ktor\u00e9 pova\u017eujeme za vysoko pr\u00ednosn\u00e9 pre va\u0161e zdravie, aj ke\u010f nie s\u00fa v\u017edy prepl\u00e1can\u00e9. Na\u0161e modern\u00e9 pr\u00edstupy a vybavenie v\u00e1m umo\u017enia z\u00edska\u0165 t\u00fa najlep\u0161iu mo\u017en\u00fa starostlivos\u0165, ktor\u00e1 odr\u00e1\u017ea najnov\u0161ie poznatky medic\u00edny, nie zastaran\u00e9 postupy z minulosti.<\/p>\n\n\n\n<p class=\"has-text-align-left\"><strong>Prevent\u00edvny ultrazvuk<\/strong>, ktor\u00fd m\u00f4\u017ee odhali\u0165 <strong>v\u010dasn\u00e9 \u0161t\u00e1dia rakoviny vaje\u010dn\u00edkov \u010di in\u00e9 d\u00f4le\u017eit\u00e9 zmeny<\/strong>, je len jedn\u00fdm z pr\u00edkladov, ako v\u00e1m pom\u00f4\u017eeme v\u010das diagnostikova\u0165 zdravotn\u00e9 probl\u00e9my. Pon\u00fakame tie\u017e <strong>vy\u0161etrenia Dopplerom a 3D\/4D technol\u00f3giou<\/strong>, ktor\u00e9 zvy\u0161uj\u00fa presnos\u0165 diagn\u00f3z a poskytuj\u00fa pokoj, \u017ee sa o v\u00e1s staraj\u00fa \u0161pecialisti s t\u00fdmi najlep\u0161\u00edmi dostupn\u00fdmi met\u00f3dami.<\/p>\n\n\n\n<p class=\"has-text-align-left\">Pre bud\u00face mami\u010dky m\u00e1me <strong>prvotrimestr\u00e1lny kombinovan\u00fd screening<\/strong>, ktor\u00fd m\u00f4\u017ee v\u010das <strong>odhali\u0165 vroden\u00e9 vady, meranie kr\u010dka maternice <\/strong>\u010di<strong> skr\u00edning preeklampsie<\/strong> \u2013 v\u00fdkony, ktor\u00e9 pois\u0165ovne nehradia, ale s\u00fa rozhoduj\u00face pre zdravie matky aj die\u0165a\u0165a.<\/p>\n\n\n\n<p class=\"has-text-align-left\">Na\u0161a starostlivos\u0165 je postaven\u00e1 na odbornosti a empatickom pr\u00edstupe. Vieme, \u017ee pre zdravie s\u00fa d\u00f4le\u017eit\u00e9 nielen v\u00fdkony, ale aj pocit, \u017ee v\u00e1m lek\u00e1r venuje \u010das, odpovie na ot\u00e1zky a podpor\u00ed v\u00e1s. U n\u00e1s sa budete c\u00edti\u0165 v bezpe\u010d\u00ed, s vedom\u00edm, \u017ee ste v t\u00fdch najlep\u0161\u00edch ruk\u00e1ch.<\/p>\n\n\n\n<p class=\"has-text-align-left\">Ver\u00edme, \u017ee kombin\u00e1cia odbornosti, individu\u00e1lneho pr\u00edstupu a najnov\u0161\u00edch vy\u0161etren\u00ed rob\u00ed z na\u0161ej ambulancie to najlep\u0161ie miesto pre va\u0161u starostlivos\u0165.<\/p>\n\n\n\n<p class=\"has-text-align-center\"><\/p>\n","protected":false},"excerpt":{"rendered":"<p>V na\u0161ej ambulancii m\u00e1te mo\u017enos\u0165 zvoli\u0165 si nielen v\u00fdkony hraden\u00e9 pois\u0165ov\u0148ou, ale aj tie, ktor\u00e9 pova\u017eujeme za vysoko pr\u00ednosn\u00e9 pre va\u0161e zdravie, aj ke\u010f nie s\u00fa v\u017edy prepl\u00e1can\u00e9. Na\u0161e modern\u00e9 pr\u00edstupy a vybavenie v\u00e1m umo\u017enia z\u00edska\u0165 t\u00fa najlep\u0161iu mo\u017en\u00fa starostlivos\u0165, ktor\u00e1 odr\u00e1\u017ea najnov\u0161ie poznatky medic\u00edny, nie zastaran\u00e9 postupy z minulosti. Prevent\u00edvny ultrazvuk, ktor\u00fd m\u00f4\u017ee odhali\u0165 [&hellip;]<\/p>\n","protected":false},"author":1,"featured_media":0,"parent":0,"menu_order":0,"comment_status":"closed","ping_status":"closed","template":"","meta":{"om_disable_all_campaigns":false,"_monsterinsights_skip_tracking":false,"_monsterinsights_sitenote_active":false,"_monsterinsights_sitenote_note":"","_monsterinsights_sitenote_category":0,"_uf_show_specific_survey":0,"_uf_disable_surveys":false,"footnotes":""},"class_list":["post-25","page","type-page","status-publish","hentry"],"aioseo_notices":[],"yoast_head":"<!-- This site is optimized with the Yoast SEO plugin v27.4 - https:\/\/yoast.com\/product\/yoast-seo-wordpress\/ -->\n<title>Slu\u017eby - PrenatalGyn Care<\/title>\n<meta name=\"robots\" content=\"index, follow, max-snippet:-1, max-image-preview:large, max-video-preview:-1\" \/>\n<link rel=\"canonical\" href=\"https:\/\/www.prenatalgyncare.sk\/?page_id=25\" \/>\n<meta property=\"og:locale\" content=\"sk_SK\" \/>\n<meta property=\"og:type\" content=\"article\" \/>\n<meta property=\"og:title\" content=\"Slu\u017eby - PrenatalGyn Care\" \/>\n<meta property=\"og:description\" content=\"V na\u0161ej ambulancii m\u00e1te mo\u017enos\u0165 zvoli\u0165 si nielen v\u00fdkony hraden\u00e9 pois\u0165ov\u0148ou, ale aj tie, ktor\u00e9 pova\u017eujeme za vysoko pr\u00ednosn\u00e9 pre va\u0161e zdravie, aj ke\u010f nie s\u00fa v\u017edy prepl\u00e1can\u00e9. Na\u0161e modern\u00e9 pr\u00edstupy a vybavenie v\u00e1m umo\u017enia z\u00edska\u0165 t\u00fa najlep\u0161iu mo\u017en\u00fa starostlivos\u0165, ktor\u00e1 odr\u00e1\u017ea najnov\u0161ie poznatky medic\u00edny, nie zastaran\u00e9 postupy z minulosti. Prevent\u00edvny ultrazvuk, ktor\u00fd m\u00f4\u017ee odhali\u0165 [&hellip;]\" \/>\n<meta property=\"og:url\" content=\"https:\/\/www.prenatalgyncare.sk\/?page_id=25\" \/>\n<meta property=\"og:site_name\" content=\"PrenatalGyn Care\" \/>\n<meta property=\"article:modified_time\" content=\"2024-10-06T19:40:18+00:00\" \/>\n<meta name=\"twitter:card\" content=\"summary_large_image\" \/>\n<meta name=\"twitter:label1\" content=\"Predpokladan\u00fd \u010das \u010d\u00edtania\" \/>\n\t<meta name=\"twitter:data1\" content=\"2 min\u00faty\" \/>\n<script type=\"application\/ld+json\" class=\"yoast-schema-graph\">{\"@context\":\"https:\\\/\\\/schema.org\",\"@graph\":[{\"@type\":\"WebPage\",\"@id\":\"https:\\\/\\\/www.prenatalgyncare.sk\\\/?page_id=25\",\"url\":\"https:\\\/\\\/www.prenatalgyncare.sk\\\/?page_id=25\",\"name\":\"Slu\u017eby - PrenatalGyn Care\",\"isPartOf\":{\"@id\":\"https:\\\/\\\/www.prenatalgyncare.sk\\\/#website\"},\"datePublished\":\"2024-06-20T18:47:47+00:00\",\"dateModified\":\"2024-10-06T19:40:18+00:00\",\"breadcrumb\":{\"@id\":\"https:\\\/\\\/www.prenatalgyncare.sk\\\/?page_id=25#breadcrumb\"},\"inLanguage\":\"sk-SK\",\"potentialAction\":[{\"@type\":\"ReadAction\",\"target\":[\"https:\\\/\\\/www.prenatalgyncare.sk\\\/?page_id=25\"]}]},{\"@type\":\"BreadcrumbList\",\"@id\":\"https:\\\/\\\/www.prenatalgyncare.sk\\\/?page_id=25#breadcrumb\",\"itemListElement\":[{\"@type\":\"ListItem\",\"position\":1,\"name\":\"Home\",\"item\":\"https:\\\/\\\/www.prenatalgyncare.sk\\\/\"},{\"@type\":\"ListItem\",\"position\":2,\"name\":\"Slu\u017eby\"}]},{\"@type\":\"WebSite\",\"@id\":\"https:\\\/\\\/www.prenatalgyncare.sk\\\/#website\",\"url\":\"https:\\\/\\\/www.prenatalgyncare.sk\\\/\",\"name\":\"PrenatalGyn Care\",\"description\":\"\",\"publisher\":{\"@id\":\"https:\\\/\\\/www.prenatalgyncare.sk\\\/#organization\"},\"potentialAction\":[{\"@type\":\"SearchAction\",\"target\":{\"@type\":\"EntryPoint\",\"urlTemplate\":\"https:\\\/\\\/www.prenatalgyncare.sk\\\/?s={search_term_string}\"},\"query-input\":{\"@type\":\"PropertyValueSpecification\",\"valueRequired\":true,\"valueName\":\"search_term_string\"}}],\"inLanguage\":\"sk-SK\"},{\"@type\":\"Organization\",\"@id\":\"https:\\\/\\\/www.prenatalgyncare.sk\\\/#organization\",\"name\":\"PrenatalGyn Care\",\"url\":\"https:\\\/\\\/www.prenatalgyncare.sk\\\/\",\"logo\":{\"@type\":\"ImageObject\",\"inLanguage\":\"sk-SK\",\"@id\":\"https:\\\/\\\/www.prenatalgyncare.sk\\\/#\\\/schema\\\/logo\\\/image\\\/\",\"url\":\"https:\\\/\\\/www.prenatalgyncare.sk\\\/wp-content\\\/uploads\\\/2024\\\/06\\\/cropped-LOGO-PGC-s-nazvom.png\",\"contentUrl\":\"https:\\\/\\\/www.prenatalgyncare.sk\\\/wp-content\\\/uploads\\\/2024\\\/06\\\/cropped-LOGO-PGC-s-nazvom.png\",\"width\":512,\"height\":512,\"caption\":\"PrenatalGyn Care\"},\"image\":{\"@id\":\"https:\\\/\\\/www.prenatalgyncare.sk\\\/#\\\/schema\\\/logo\\\/image\\\/\"}}]}<\/script>\n<!-- \/ Yoast SEO plugin. -->","yoast_head_json":{"title":"Slu\u017eby - PrenatalGyn Care","robots":{"index":"index","follow":"follow","max-snippet":"max-snippet:-1","max-image-preview":"max-image-preview:large","max-video-preview":"max-video-preview:-1"},"canonical":"https:\/\/www.prenatalgyncare.sk\/?page_id=25","og_locale":"sk_SK","og_type":"article","og_title":"Slu\u017eby - PrenatalGyn Care","og_description":"V na\u0161ej ambulancii m\u00e1te mo\u017enos\u0165 zvoli\u0165 si nielen v\u00fdkony hraden\u00e9 pois\u0165ov\u0148ou, ale aj tie, ktor\u00e9 pova\u017eujeme za vysoko pr\u00ednosn\u00e9 pre va\u0161e zdravie, aj ke\u010f nie s\u00fa v\u017edy prepl\u00e1can\u00e9. Na\u0161e modern\u00e9 pr\u00edstupy a vybavenie v\u00e1m umo\u017enia z\u00edska\u0165 t\u00fa najlep\u0161iu mo\u017en\u00fa starostlivos\u0165, ktor\u00e1 odr\u00e1\u017ea najnov\u0161ie poznatky medic\u00edny, nie zastaran\u00e9 postupy z minulosti. Prevent\u00edvny ultrazvuk, ktor\u00fd m\u00f4\u017ee odhali\u0165 [&hellip;]","og_url":"https:\/\/www.prenatalgyncare.sk\/?page_id=25","og_site_name":"PrenatalGyn Care","article_modified_time":"2024-10-06T19:40:18+00:00","twitter_card":"summary_large_image","twitter_misc":{"Predpokladan\u00fd \u010das \u010d\u00edtania":"2 min\u00faty"},"schema":{"@context":"https:\/\/schema.org","@graph":[{"@type":"WebPage","@id":"https:\/\/www.prenatalgyncare.sk\/?page_id=25","url":"https:\/\/www.prenatalgyncare.sk\/?page_id=25","name":"Slu\u017eby - PrenatalGyn Care","isPartOf":{"@id":"https:\/\/www.prenatalgyncare.sk\/#website"},"datePublished":"2024-06-20T18:47:47+00:00","dateModified":"2024-10-06T19:40:18+00:00","breadcrumb":{"@id":"https:\/\/www.prenatalgyncare.sk\/?page_id=25#breadcrumb"},"inLanguage":"sk-SK","potentialAction":[{"@type":"ReadAction","target":["https:\/\/www.prenatalgyncare.sk\/?page_id=25"]}]},{"@type":"BreadcrumbList","@id":"https:\/\/www.prenatalgyncare.sk\/?page_id=25#breadcrumb","itemListElement":[{"@type":"ListItem","position":1,"name":"Home","item":"https:\/\/www.prenatalgyncare.sk\/"},{"@type":"ListItem","position":2,"name":"Slu\u017eby"}]},{"@type":"WebSite","@id":"https:\/\/www.prenatalgyncare.sk\/#website","url":"https:\/\/www.prenatalgyncare.sk\/","name":"PrenatalGyn Care","description":"","publisher":{"@id":"https:\/\/www.prenatalgyncare.sk\/#organization"},"potentialAction":[{"@type":"SearchAction","target":{"@type":"EntryPoint","urlTemplate":"https:\/\/www.prenatalgyncare.sk\/?s={search_term_string}"},"query-input":{"@type":"PropertyValueSpecification","valueRequired":true,"valueName":"search_term_string"}}],"inLanguage":"sk-SK"},{"@type":"Organization","@id":"https:\/\/www.prenatalgyncare.sk\/#organization","name":"PrenatalGyn Care","url":"https:\/\/www.prenatalgyncare.sk\/","logo":{"@type":"ImageObject","inLanguage":"sk-SK","@id":"https:\/\/www.prenatalgyncare.sk\/#\/schema\/logo\/image\/","url":"https:\/\/www.prenatalgyncare.sk\/wp-content\/uploads\/2024\/06\/cropped-LOGO-PGC-s-nazvom.png","contentUrl":"https:\/\/www.prenatalgyncare.sk\/wp-content\/uploads\/2024\/06\/cropped-LOGO-PGC-s-nazvom.png","width":512,"height":512,"caption":"PrenatalGyn Care"},"image":{"@id":"https:\/\/www.prenatalgyncare.sk\/#\/schema\/logo\/image\/"}}]}},"_links":{"self":[{"href":"https:\/\/www.prenatalgyncare.sk\/index.php?rest_route=\/wp\/v2\/pages\/25","targetHints":{"allow":["GET"]}}],"collection":[{"href":"https:\/\/www.prenatalgyncare.sk\/index.php?rest_route=\/wp\/v2\/pages"}],"about":[{"href":"https:\/\/www.prenatalgyncare.sk\/index.php?rest_route=\/wp\/v2\/types\/page"}],"author":[{"embeddable":true,"href":"https:\/\/www.prenatalgyncare.sk\/index.php?rest_route=\/wp\/v2\/users\/1"}],"replies":[{"embeddable":true,"href":"https:\/\/www.prenatalgyncare.sk\/index.php?rest_route=%2Fwp%2Fv2%2Fcomments&post=25"}],"version-history":[{"count":5,"href":"https:\/\/www.prenatalgyncare.sk\/index.php?rest_route=\/wp\/v2\/pages\/25\/revisions"}],"predecessor-version":[{"id":460,"href":"https:\/\/www.prenatalgyncare.sk\/index.php?rest_route=\/wp\/v2\/pages\/25\/revisions\/460"}],"wp:attachment":[{"href":"https:\/\/www.prenatalgyncare.sk\/index.php?rest_route=%2Fwp%2Fv2%2Fmedia&parent=25"}],"curies":[{"name":"wp","href":"https:\/\/api.w.org\/{rel}","templated":true}]}}