{"id":352,"date":"2024-07-14T21:14:10","date_gmt":"2024-07-14T19:14:10","guid":{"rendered":"https:\/\/www.prenatalgyncare.sk\/?page_id=352"},"modified":"2026-03-25T14:33:10","modified_gmt":"2026-03-25T13:33:10","slug":"kontakt-2","status":"publish","type":"page","link":"https:\/\/www.prenatalgyncare.sk\/?page_id=352","title":{"rendered":"Kontakt a objednanie sa"},"content":{"rendered":"\n<p><\/p>\n\n\n\n<p><\/p>\n\n\n\n<h1 class=\"wp-block-heading has-text-align-center\"><strong>Gynekologick\u00e1 ambulancia<\/strong><br><em>PrenatalGyn Care s.r.o.<\/em><br>Trnavsk\u00e1 cesta 67<br>821 04&nbsp; Bratislava<\/h1>\n\n\n\n<p><\/p>\n\n\n\n<p class=\"has-text-align-center has-medium-font-size\"><strong>Objedn\u00e1vanie sa v \u010dase <a href=\"https:\/\/www.prenatalgyncare.sk\/?page_id=12\">ordina\u010dn\u00fdch hod\u00edn ambulancie<\/a><\/strong><\/p>\n\n\n\n<h1 class=\"wp-block-heading has-text-align-center has-medium-font-size\"><strong>telefonicky: +421 2 432 92 609<\/strong><\/h1>\n\n\n\n<p class=\"has-text-align-center has-medium-font-size\"><strong>e-mailom: <a href=\"mailto:sestra@prenatalgyncare.sk\">sestra@prenatalgyncare.sk<\/a><\/strong><\/p>\n\n\n\n<p class=\"has-text-align-center has-medium-font-size\"><strong><a href=\"https:\/\/napislekarovi.sk\/A28933\/\">online cez napislekarovi.sk<\/a><\/strong><\/p>\n\n\n\n<p><\/p>\n\n\n\n<p class=\"has-text-align-center has-medium-font-size\">Objedn\u00e1vanie sa na <strong>Ultrazvukov\u00e9 tehotensk\u00e9 vy\u0161etrenia<\/strong><\/p>\n\n\n\n<p class=\"has-text-align-center\">Pred samotn\u00fdm objednan\u00edm sa, si najsk\u00f4r pros\u00edme vytvorte rezerv\u00e1ciu term\u00ednu cez port\u00e1l <em><a href=\"https:\/\/www.topdoktor.sk\/doktor\/gynekolog\/bratislavsky-kraj\/bratislava\/ruzinov\/16271-mudr-michal-semivan\" type=\"link\" id=\"https:\/\/www.topdoktor.sk\/doktor\/gynekolog\/bratislavsky-kraj\/bratislava\/ruzinov\/16271-mudr-michal-semivan\">www.topdoktor.sk<\/a><\/em>. Konkr\u00e9tny term\u00edn a \u010das vy\u0161etrenia sa dohaduje mailom, alebo telefonicky, po vytvoren\u00ed rezerv\u00e1cie. <\/p>\n\n\n\n<p><\/p>\n\n\n\n<p class=\"has-text-align-center has-medium-font-size\">V pr\u00edpade in\u00fdch ot\u00e1zok n\u00e1s nev\u00e1hajte taktie\u017e kontaktova\u0165.<\/p>\n\n\n\n<p><\/p>\n\n\n\n<p><\/p>\n","protected":false},"excerpt":{"rendered":"<p>Gynekologick\u00e1 ambulanciaPrenatalGyn Care s.r.o.Trnavsk\u00e1 cesta 67821 04&nbsp; Bratislava Objedn\u00e1vanie sa v \u010dase ordina\u010dn\u00fdch hod\u00edn ambulancie telefonicky: +421 2 432 92 609 e-mailom: sestra@prenatalgyncare.sk online cez napislekarovi.sk Objedn\u00e1vanie sa na Ultrazvukov\u00e9 tehotensk\u00e9 vy\u0161etrenia Pred samotn\u00fdm objednan\u00edm sa, si najsk\u00f4r pros\u00edme vytvorte rezerv\u00e1ciu term\u00ednu cez port\u00e1l www.topdoktor.sk. Konkr\u00e9tny term\u00edn a \u010das vy\u0161etrenia sa dohaduje mailom, alebo telefonicky, [&hellip;]<\/p>\n","protected":false},"author":1,"featured_media":0,"parent":0,"menu_order":0,"comment_status":"closed","ping_status":"closed","template":"","meta":{"om_disable_all_campaigns":false,"_monsterinsights_skip_tracking":false,"_monsterinsights_sitenote_active":false,"_monsterinsights_sitenote_note":"","_monsterinsights_sitenote_category":0,"_uf_show_specific_survey":0,"_uf_disable_surveys":false,"footnotes":""},"class_list":["post-352","page","type-page","status-publish","hentry"],"aioseo_notices":[],"yoast_head":"<!-- This site is optimized with the Yoast SEO plugin v27.5 - https:\/\/yoast.com\/product\/yoast-seo-wordpress\/ -->\n<title>Kontakt a objednanie sa - PrenatalGyn Care<\/title>\n<meta name=\"robots\" content=\"index, follow, max-snippet:-1, max-image-preview:large, max-video-preview:-1\" \/>\n<link rel=\"canonical\" href=\"https:\/\/www.prenatalgyncare.sk\/?page_id=352\" \/>\n<meta property=\"og:locale\" content=\"sk_SK\" \/>\n<meta property=\"og:type\" content=\"article\" \/>\n<meta property=\"og:title\" content=\"Kontakt a objednanie sa - PrenatalGyn Care\" \/>\n<meta property=\"og:description\" content=\"Gynekologick\u00e1 ambulanciaPrenatalGyn Care s.r.o.Trnavsk\u00e1 cesta 67821 04&nbsp; Bratislava Objedn\u00e1vanie sa v \u010dase ordina\u010dn\u00fdch hod\u00edn ambulancie telefonicky: +421 2 432 92 609 e-mailom: sestra@prenatalgyncare.sk online cez napislekarovi.sk Objedn\u00e1vanie sa na Ultrazvukov\u00e9 tehotensk\u00e9 vy\u0161etrenia Pred samotn\u00fdm objednan\u00edm sa, si najsk\u00f4r pros\u00edme vytvorte rezerv\u00e1ciu term\u00ednu cez port\u00e1l www.topdoktor.sk. Konkr\u00e9tny term\u00edn a \u010das vy\u0161etrenia sa dohaduje mailom, alebo telefonicky, [&hellip;]\" \/>\n<meta property=\"og:url\" content=\"https:\/\/www.prenatalgyncare.sk\/?page_id=352\" \/>\n<meta property=\"og:site_name\" content=\"PrenatalGyn Care\" \/>\n<meta property=\"article:modified_time\" content=\"2026-03-25T13:33:10+00:00\" \/>\n<meta name=\"twitter:card\" content=\"summary_large_image\" \/>\n<meta name=\"twitter:label1\" content=\"Predpokladan\u00fd \u010das \u010d\u00edtania\" \/>\n\t<meta name=\"twitter:data1\" content=\"1 min\u00fata\" \/>\n<script type=\"application\/ld+json\" class=\"yoast-schema-graph\">{\"@context\":\"https:\\\/\\\/schema.org\",\"@graph\":[{\"@type\":\"WebPage\",\"@id\":\"https:\\\/\\\/www.prenatalgyncare.sk\\\/?page_id=352\",\"url\":\"https:\\\/\\\/www.prenatalgyncare.sk\\\/?page_id=352\",\"name\":\"Kontakt a objednanie sa - PrenatalGyn Care\",\"isPartOf\":{\"@id\":\"https:\\\/\\\/www.prenatalgyncare.sk\\\/#website\"},\"datePublished\":\"2024-07-14T19:14:10+00:00\",\"dateModified\":\"2026-03-25T13:33:10+00:00\",\"breadcrumb\":{\"@id\":\"https:\\\/\\\/www.prenatalgyncare.sk\\\/?page_id=352#breadcrumb\"},\"inLanguage\":\"sk-SK\",\"potentialAction\":[{\"@type\":\"ReadAction\",\"target\":[\"https:\\\/\\\/www.prenatalgyncare.sk\\\/?page_id=352\"]}]},{\"@type\":\"BreadcrumbList\",\"@id\":\"https:\\\/\\\/www.prenatalgyncare.sk\\\/?page_id=352#breadcrumb\",\"itemListElement\":[{\"@type\":\"ListItem\",\"position\":1,\"name\":\"Home\",\"item\":\"https:\\\/\\\/www.prenatalgyncare.sk\\\/\"},{\"@type\":\"ListItem\",\"position\":2,\"name\":\"Kontakt a objednanie sa\"}]},{\"@type\":\"WebSite\",\"@id\":\"https:\\\/\\\/www.prenatalgyncare.sk\\\/#website\",\"url\":\"https:\\\/\\\/www.prenatalgyncare.sk\\\/\",\"name\":\"PrenatalGyn Care\",\"description\":\"\",\"publisher\":{\"@id\":\"https:\\\/\\\/www.prenatalgyncare.sk\\\/#organization\"},\"potentialAction\":[{\"@type\":\"SearchAction\",\"target\":{\"@type\":\"EntryPoint\",\"urlTemplate\":\"https:\\\/\\\/www.prenatalgyncare.sk\\\/?s={search_term_string}\"},\"query-input\":{\"@type\":\"PropertyValueSpecification\",\"valueRequired\":true,\"valueName\":\"search_term_string\"}}],\"inLanguage\":\"sk-SK\"},{\"@type\":\"Organization\",\"@id\":\"https:\\\/\\\/www.prenatalgyncare.sk\\\/#organization\",\"name\":\"PrenatalGyn Care\",\"url\":\"https:\\\/\\\/www.prenatalgyncare.sk\\\/\",\"logo\":{\"@type\":\"ImageObject\",\"inLanguage\":\"sk-SK\",\"@id\":\"https:\\\/\\\/www.prenatalgyncare.sk\\\/#\\\/schema\\\/logo\\\/image\\\/\",\"url\":\"https:\\\/\\\/www.prenatalgyncare.sk\\\/wp-content\\\/uploads\\\/2024\\\/06\\\/cropped-LOGO-PGC-s-nazvom.png\",\"contentUrl\":\"https:\\\/\\\/www.prenatalgyncare.sk\\\/wp-content\\\/uploads\\\/2024\\\/06\\\/cropped-LOGO-PGC-s-nazvom.png\",\"width\":512,\"height\":512,\"caption\":\"PrenatalGyn Care\"},\"image\":{\"@id\":\"https:\\\/\\\/www.prenatalgyncare.sk\\\/#\\\/schema\\\/logo\\\/image\\\/\"}}]}<\/script>\n<!-- \/ Yoast SEO plugin. -->","yoast_head_json":{"title":"Kontakt a objednanie sa - PrenatalGyn Care","robots":{"index":"index","follow":"follow","max-snippet":"max-snippet:-1","max-image-preview":"max-image-preview:large","max-video-preview":"max-video-preview:-1"},"canonical":"https:\/\/www.prenatalgyncare.sk\/?page_id=352","og_locale":"sk_SK","og_type":"article","og_title":"Kontakt a objednanie sa - PrenatalGyn Care","og_description":"Gynekologick\u00e1 ambulanciaPrenatalGyn Care s.r.o.Trnavsk\u00e1 cesta 67821 04&nbsp; Bratislava Objedn\u00e1vanie sa v \u010dase ordina\u010dn\u00fdch hod\u00edn ambulancie telefonicky: +421 2 432 92 609 e-mailom: sestra@prenatalgyncare.sk online cez napislekarovi.sk Objedn\u00e1vanie sa na Ultrazvukov\u00e9 tehotensk\u00e9 vy\u0161etrenia Pred samotn\u00fdm objednan\u00edm sa, si najsk\u00f4r pros\u00edme vytvorte rezerv\u00e1ciu term\u00ednu cez port\u00e1l www.topdoktor.sk. Konkr\u00e9tny term\u00edn a \u010das vy\u0161etrenia sa dohaduje mailom, alebo telefonicky, [&hellip;]","og_url":"https:\/\/www.prenatalgyncare.sk\/?page_id=352","og_site_name":"PrenatalGyn Care","article_modified_time":"2026-03-25T13:33:10+00:00","twitter_card":"summary_large_image","twitter_misc":{"Predpokladan\u00fd \u010das \u010d\u00edtania":"1 min\u00fata"},"schema":{"@context":"https:\/\/schema.org","@graph":[{"@type":"WebPage","@id":"https:\/\/www.prenatalgyncare.sk\/?page_id=352","url":"https:\/\/www.prenatalgyncare.sk\/?page_id=352","name":"Kontakt a objednanie sa - PrenatalGyn Care","isPartOf":{"@id":"https:\/\/www.prenatalgyncare.sk\/#website"},"datePublished":"2024-07-14T19:14:10+00:00","dateModified":"2026-03-25T13:33:10+00:00","breadcrumb":{"@id":"https:\/\/www.prenatalgyncare.sk\/?page_id=352#breadcrumb"},"inLanguage":"sk-SK","potentialAction":[{"@type":"ReadAction","target":["https:\/\/www.prenatalgyncare.sk\/?page_id=352"]}]},{"@type":"BreadcrumbList","@id":"https:\/\/www.prenatalgyncare.sk\/?page_id=352#breadcrumb","itemListElement":[{"@type":"ListItem","position":1,"name":"Home","item":"https:\/\/www.prenatalgyncare.sk\/"},{"@type":"ListItem","position":2,"name":"Kontakt a objednanie sa"}]},{"@type":"WebSite","@id":"https:\/\/www.prenatalgyncare.sk\/#website","url":"https:\/\/www.prenatalgyncare.sk\/","name":"PrenatalGyn Care","description":"","publisher":{"@id":"https:\/\/www.prenatalgyncare.sk\/#organization"},"potentialAction":[{"@type":"SearchAction","target":{"@type":"EntryPoint","urlTemplate":"https:\/\/www.prenatalgyncare.sk\/?s={search_term_string}"},"query-input":{"@type":"PropertyValueSpecification","valueRequired":true,"valueName":"search_term_string"}}],"inLanguage":"sk-SK"},{"@type":"Organization","@id":"https:\/\/www.prenatalgyncare.sk\/#organization","name":"PrenatalGyn Care","url":"https:\/\/www.prenatalgyncare.sk\/","logo":{"@type":"ImageObject","inLanguage":"sk-SK","@id":"https:\/\/www.prenatalgyncare.sk\/#\/schema\/logo\/image\/","url":"https:\/\/www.prenatalgyncare.sk\/wp-content\/uploads\/2024\/06\/cropped-LOGO-PGC-s-nazvom.png","contentUrl":"https:\/\/www.prenatalgyncare.sk\/wp-content\/uploads\/2024\/06\/cropped-LOGO-PGC-s-nazvom.png","width":512,"height":512,"caption":"PrenatalGyn Care"},"image":{"@id":"https:\/\/www.prenatalgyncare.sk\/#\/schema\/logo\/image\/"}}]}},"_links":{"self":[{"href":"https:\/\/www.prenatalgyncare.sk\/index.php?rest_route=\/wp\/v2\/pages\/352","targetHints":{"allow":["GET"]}}],"collection":[{"href":"https:\/\/www.prenatalgyncare.sk\/index.php?rest_route=\/wp\/v2\/pages"}],"about":[{"href":"https:\/\/www.prenatalgyncare.sk\/index.php?rest_route=\/wp\/v2\/types\/page"}],"author":[{"embeddable":true,"href":"https:\/\/www.prenatalgyncare.sk\/index.php?rest_route=\/wp\/v2\/users\/1"}],"replies":[{"embeddable":true,"href":"https:\/\/www.prenatalgyncare.sk\/index.php?rest_route=%2Fwp%2Fv2%2Fcomments&post=352"}],"version-history":[{"count":5,"href":"https:\/\/www.prenatalgyncare.sk\/index.php?rest_route=\/wp\/v2\/pages\/352\/revisions"}],"predecessor-version":[{"id":826,"href":"https:\/\/www.prenatalgyncare.sk\/index.php?rest_route=\/wp\/v2\/pages\/352\/revisions\/826"}],"wp:attachment":[{"href":"https:\/\/www.prenatalgyncare.sk\/index.php?rest_route=%2Fwp%2Fv2%2Fmedia&parent=352"}],"curies":[{"name":"wp","href":"https:\/\/api.w.org\/{rel}","templated":true}]}}