{"id":404,"date":"2024-08-01T21:52:45","date_gmt":"2024-08-01T19:52:45","guid":{"rendered":"https:\/\/www.prenatalgyncare.sk\/?page_id=404"},"modified":"2025-09-25T22:16:29","modified_gmt":"2025-09-25T20:16:29","slug":"ako-sa-stat-nasou-novou-pacientkou","status":"publish","type":"page","link":"https:\/\/www.prenatalgyncare.sk\/?page_id=404","title":{"rendered":"Ako sa sta\u0165 na\u0161ou novou pacientkou"},"content":{"rendered":"\n<p><\/p>\n\n\n\n<div class=\"wp-block-buttons is-layout-flex wp-block-buttons-is-layout-flex\">\n<div class=\"wp-block-button\"><a class=\"wp-block-button__link has-text-align-left wp-element-button\">1. Kontaktujte na\u0161u ambulanciu (najlep\u0161ie mailom sestra@prenatalgyncare.sk) a zanechajte n\u00e1m na seba telefonick\u00fd kontakt. Sestri\u010dka V\u00e1s bude sp\u00e4tne kontaktova\u0165 a vysvetl\u00ed V\u00e1m postup uzatvorenia &#8222;e-dohody o zdravotnej starostlivosti&#8220; a dohodne si s Vami term\u00edn vstupn\u00e9ho vy\u0161etrenia<\/a><\/div>\n<\/div>\n\n\n\n<div class=\"wp-block-buttons is-layout-flex wp-block-buttons-is-layout-flex\">\n<div class=\"wp-block-button\"><a class=\"wp-block-button__link has-text-align-left wp-element-button\" href=\"https:\/\/www.prenatalgyncare.sk\/wp-content\/uploads\/2024\/09\/Vyziadanka-PrenatalGyn-Care-5.pdf\">2. Z\u00e1rove\u0148 si vytla\u010dte a vypl\u0148te formul\u00e1r a za\u0161lite ho (po\u0161tou), alebo odovzdajte osobne v teraj\u0161ej gynekologickej ambulancii, aby n\u00e1m predch\u00e1dzaj\u00faci gynekol\u00f3g zaslal Va\u0161u zdravotn\u00fa dokument\u00e1ciu<\/a><\/div>\n<\/div>\n\n\n\n<p><\/p>\n\n\n\n<div class=\"wp-block-buttons is-layout-flex wp-block-buttons-is-layout-flex\">\n<div class=\"wp-block-button\"><a class=\"wp-block-button__link has-text-align-left wp-element-button\" href=\"https:\/\/www.prenatalgyncare.sk\/wp-content\/uploads\/2024\/09\/Vyziadanka-PrenatalGyn-Care-5.pdf\">TU stiahn\u00fa\u0165 formul\u00e1r<\/a><\/div>\n<\/div>\n","protected":false},"excerpt":{"rendered":"","protected":false},"author":1,"featured_media":0,"parent":0,"menu_order":0,"comment_status":"closed","ping_status":"closed","template":"","meta":{"om_disable_all_campaigns":false,"_monsterinsights_skip_tracking":false,"_monsterinsights_sitenote_active":false,"_monsterinsights_sitenote_note":"","_monsterinsights_sitenote_category":0,"_uf_show_specific_survey":0,"_uf_disable_surveys":false,"footnotes":""},"class_list":["post-404","page","type-page","status-publish","hentry"],"aioseo_notices":[],"yoast_head":"<!-- This site is optimized with the Yoast SEO plugin v27.5 - https:\/\/yoast.com\/product\/yoast-seo-wordpress\/ -->\n<title>Ako sa sta\u0165 na\u0161ou novou pacientkou - PrenatalGyn Care<\/title>\n<meta name=\"robots\" content=\"index, follow, max-snippet:-1, max-image-preview:large, max-video-preview:-1\" \/>\n<link rel=\"canonical\" href=\"https:\/\/www.prenatalgyncare.sk\/?page_id=404\" \/>\n<meta property=\"og:locale\" content=\"sk_SK\" \/>\n<meta property=\"og:type\" content=\"article\" \/>\n<meta property=\"og:title\" content=\"Ako sa sta\u0165 na\u0161ou novou pacientkou - PrenatalGyn Care\" \/>\n<meta property=\"og:url\" content=\"https:\/\/www.prenatalgyncare.sk\/?page_id=404\" \/>\n<meta property=\"og:site_name\" content=\"PrenatalGyn Care\" \/>\n<meta property=\"article:modified_time\" content=\"2025-09-25T20:16:29+00:00\" \/>\n<meta name=\"twitter:card\" content=\"summary_large_image\" \/>\n<meta name=\"twitter:label1\" content=\"Predpokladan\u00fd \u010das \u010d\u00edtania\" \/>\n\t<meta name=\"twitter:data1\" content=\"1 min\u00fata\" \/>\n<script type=\"application\/ld+json\" class=\"yoast-schema-graph\">{\"@context\":\"https:\\\/\\\/schema.org\",\"@graph\":[{\"@type\":\"WebPage\",\"@id\":\"https:\\\/\\\/www.prenatalgyncare.sk\\\/?page_id=404\",\"url\":\"https:\\\/\\\/www.prenatalgyncare.sk\\\/?page_id=404\",\"name\":\"Ako sa sta\u0165 na\u0161ou novou pacientkou - PrenatalGyn Care\",\"isPartOf\":{\"@id\":\"https:\\\/\\\/www.prenatalgyncare.sk\\\/#website\"},\"datePublished\":\"2024-08-01T19:52:45+00:00\",\"dateModified\":\"2025-09-25T20:16:29+00:00\",\"breadcrumb\":{\"@id\":\"https:\\\/\\\/www.prenatalgyncare.sk\\\/?page_id=404#breadcrumb\"},\"inLanguage\":\"sk-SK\",\"potentialAction\":[{\"@type\":\"ReadAction\",\"target\":[\"https:\\\/\\\/www.prenatalgyncare.sk\\\/?page_id=404\"]}]},{\"@type\":\"BreadcrumbList\",\"@id\":\"https:\\\/\\\/www.prenatalgyncare.sk\\\/?page_id=404#breadcrumb\",\"itemListElement\":[{\"@type\":\"ListItem\",\"position\":1,\"name\":\"Home\",\"item\":\"https:\\\/\\\/www.prenatalgyncare.sk\\\/\"},{\"@type\":\"ListItem\",\"position\":2,\"name\":\"Ako sa sta\u0165 na\u0161ou novou pacientkou\"}]},{\"@type\":\"WebSite\",\"@id\":\"https:\\\/\\\/www.prenatalgyncare.sk\\\/#website\",\"url\":\"https:\\\/\\\/www.prenatalgyncare.sk\\\/\",\"name\":\"PrenatalGyn Care\",\"description\":\"\",\"publisher\":{\"@id\":\"https:\\\/\\\/www.prenatalgyncare.sk\\\/#organization\"},\"potentialAction\":[{\"@type\":\"SearchAction\",\"target\":{\"@type\":\"EntryPoint\",\"urlTemplate\":\"https:\\\/\\\/www.prenatalgyncare.sk\\\/?s={search_term_string}\"},\"query-input\":{\"@type\":\"PropertyValueSpecification\",\"valueRequired\":true,\"valueName\":\"search_term_string\"}}],\"inLanguage\":\"sk-SK\"},{\"@type\":\"Organization\",\"@id\":\"https:\\\/\\\/www.prenatalgyncare.sk\\\/#organization\",\"name\":\"PrenatalGyn Care\",\"url\":\"https:\\\/\\\/www.prenatalgyncare.sk\\\/\",\"logo\":{\"@type\":\"ImageObject\",\"inLanguage\":\"sk-SK\",\"@id\":\"https:\\\/\\\/www.prenatalgyncare.sk\\\/#\\\/schema\\\/logo\\\/image\\\/\",\"url\":\"https:\\\/\\\/www.prenatalgyncare.sk\\\/wp-content\\\/uploads\\\/2024\\\/06\\\/cropped-LOGO-PGC-s-nazvom.png\",\"contentUrl\":\"https:\\\/\\\/www.prenatalgyncare.sk\\\/wp-content\\\/uploads\\\/2024\\\/06\\\/cropped-LOGO-PGC-s-nazvom.png\",\"width\":512,\"height\":512,\"caption\":\"PrenatalGyn Care\"},\"image\":{\"@id\":\"https:\\\/\\\/www.prenatalgyncare.sk\\\/#\\\/schema\\\/logo\\\/image\\\/\"}}]}<\/script>\n<!-- \/ Yoast SEO plugin. -->","yoast_head_json":{"title":"Ako sa sta\u0165 na\u0161ou novou pacientkou - PrenatalGyn Care","robots":{"index":"index","follow":"follow","max-snippet":"max-snippet:-1","max-image-preview":"max-image-preview:large","max-video-preview":"max-video-preview:-1"},"canonical":"https:\/\/www.prenatalgyncare.sk\/?page_id=404","og_locale":"sk_SK","og_type":"article","og_title":"Ako sa sta\u0165 na\u0161ou novou pacientkou - PrenatalGyn Care","og_url":"https:\/\/www.prenatalgyncare.sk\/?page_id=404","og_site_name":"PrenatalGyn Care","article_modified_time":"2025-09-25T20:16:29+00:00","twitter_card":"summary_large_image","twitter_misc":{"Predpokladan\u00fd \u010das \u010d\u00edtania":"1 min\u00fata"},"schema":{"@context":"https:\/\/schema.org","@graph":[{"@type":"WebPage","@id":"https:\/\/www.prenatalgyncare.sk\/?page_id=404","url":"https:\/\/www.prenatalgyncare.sk\/?page_id=404","name":"Ako sa sta\u0165 na\u0161ou novou pacientkou - PrenatalGyn Care","isPartOf":{"@id":"https:\/\/www.prenatalgyncare.sk\/#website"},"datePublished":"2024-08-01T19:52:45+00:00","dateModified":"2025-09-25T20:16:29+00:00","breadcrumb":{"@id":"https:\/\/www.prenatalgyncare.sk\/?page_id=404#breadcrumb"},"inLanguage":"sk-SK","potentialAction":[{"@type":"ReadAction","target":["https:\/\/www.prenatalgyncare.sk\/?page_id=404"]}]},{"@type":"BreadcrumbList","@id":"https:\/\/www.prenatalgyncare.sk\/?page_id=404#breadcrumb","itemListElement":[{"@type":"ListItem","position":1,"name":"Home","item":"https:\/\/www.prenatalgyncare.sk\/"},{"@type":"ListItem","position":2,"name":"Ako sa sta\u0165 na\u0161ou novou pacientkou"}]},{"@type":"WebSite","@id":"https:\/\/www.prenatalgyncare.sk\/#website","url":"https:\/\/www.prenatalgyncare.sk\/","name":"PrenatalGyn Care","description":"","publisher":{"@id":"https:\/\/www.prenatalgyncare.sk\/#organization"},"potentialAction":[{"@type":"SearchAction","target":{"@type":"EntryPoint","urlTemplate":"https:\/\/www.prenatalgyncare.sk\/?s={search_term_string}"},"query-input":{"@type":"PropertyValueSpecification","valueRequired":true,"valueName":"search_term_string"}}],"inLanguage":"sk-SK"},{"@type":"Organization","@id":"https:\/\/www.prenatalgyncare.sk\/#organization","name":"PrenatalGyn Care","url":"https:\/\/www.prenatalgyncare.sk\/","logo":{"@type":"ImageObject","inLanguage":"sk-SK","@id":"https:\/\/www.prenatalgyncare.sk\/#\/schema\/logo\/image\/","url":"https:\/\/www.prenatalgyncare.sk\/wp-content\/uploads\/2024\/06\/cropped-LOGO-PGC-s-nazvom.png","contentUrl":"https:\/\/www.prenatalgyncare.sk\/wp-content\/uploads\/2024\/06\/cropped-LOGO-PGC-s-nazvom.png","width":512,"height":512,"caption":"PrenatalGyn Care"},"image":{"@id":"https:\/\/www.prenatalgyncare.sk\/#\/schema\/logo\/image\/"}}]}},"_links":{"self":[{"href":"https:\/\/www.prenatalgyncare.sk\/index.php?rest_route=\/wp\/v2\/pages\/404","targetHints":{"allow":["GET"]}}],"collection":[{"href":"https:\/\/www.prenatalgyncare.sk\/index.php?rest_route=\/wp\/v2\/pages"}],"about":[{"href":"https:\/\/www.prenatalgyncare.sk\/index.php?rest_route=\/wp\/v2\/types\/page"}],"author":[{"embeddable":true,"href":"https:\/\/www.prenatalgyncare.sk\/index.php?rest_route=\/wp\/v2\/users\/1"}],"replies":[{"embeddable":true,"href":"https:\/\/www.prenatalgyncare.sk\/index.php?rest_route=%2Fwp%2Fv2%2Fcomments&post=404"}],"version-history":[{"count":6,"href":"https:\/\/www.prenatalgyncare.sk\/index.php?rest_route=\/wp\/v2\/pages\/404\/revisions"}],"predecessor-version":[{"id":777,"href":"https:\/\/www.prenatalgyncare.sk\/index.php?rest_route=\/wp\/v2\/pages\/404\/revisions\/777"}],"wp:attachment":[{"href":"https:\/\/www.prenatalgyncare.sk\/index.php?rest_route=%2Fwp%2Fv2%2Fmedia&parent=404"}],"curies":[{"name":"wp","href":"https:\/\/api.w.org\/{rel}","templated":true}]}}