{"id":41,"date":"2024-06-22T13:53:36","date_gmt":"2024-06-22T11:53:36","guid":{"rendered":"https:\/\/www.prenatalgyncare.sk\/?page_id=41"},"modified":"2026-01-03T22:50:54","modified_gmt":"2026-01-03T21:50:54","slug":"cennik","status":"publish","type":"page","link":"https:\/\/www.prenatalgyncare.sk\/?page_id=41","title":{"rendered":"Cenn\u00edk"},"content":{"rendered":"\n<p><\/p>\n\n\n\n<p class=\"has-medium-font-size\"><\/p>\n\n\n\n<p>Uveden\u00e9 s\u00fa v\u00fdbran\u00e9 \u00fakony z cenn\u00edka. Kompletn\u00fd aktu\u00e1lny cenn\u00edk je k dispoz\u00edcii v priestoroch ambulancie.<\/p>\n\n\n\n<p><\/p>\n\n\n\n<p><\/p>\n\n\n\n<p>Platba u n\u00e1s mo\u017en\u00e1<strong> v hotovosti<\/strong>, alebo <strong>platobnou kartou <\/strong>(spoplatnen\u00e1 slu\u017eba).<\/p>\n\n\n\n<p><\/p>\n\n\n\n<p><strong>Gynekol\u00f3gia a v\u0161eobecn\u00e9 slu\u017eby<\/strong><\/p>\n\n\n\n<ul class=\"wp-block-list\">\n<li>Ro\u010dn\u00fd poplatok za nemedic\u00ednske slu\u017eby pri ambulantnom gynekologickom vy\u0161etren\u00ed *<sup>1<\/sup>   69,00 \u20ac<\/li>\n\n\n\n<li>3D\/4D USG vy\u0161etrenie vagin\u00e1lnou sondou pri prevencii + CFM, PW, PD   25,00 \u20ac<\/li>\n\n\n\n<li>Administrat\u00edvny poplatok pri registr\u00e1cii novej pacientky   8,00 \u20ac<\/li>\n\n\n\n<li>LBC AI &#8211; liquid based cytol\u00f3gia   29,00 \u20ac<\/li>\n\n\n\n<li>Gynekologick\u00e9 USG (doplatok za pou\u017e\u00edvanie 3D\/4D modality)   25,00 \u20ac<\/li>\n\n\n\n<li>Nedostavenie sa\/zru\u0161enie term\u00ednu menej ako 24 hod. vopred 10,00 \u20ac<\/li>\n\n\n\n<li>Platba kartou   1,00 \u20ac<br><\/li>\n<\/ul>\n\n\n\n<p><strong>Tehotenstvo<\/strong><\/p>\n\n\n\n<ul class=\"wp-block-list\">\n<li>Pr\u00edplatok k ro\u010dn\u00e9mu poplatku za nemedic\u00ednske slu\u017eby pri prevent\u00edvnej tehotenskej ambulantnej starostlivosti (plat\u00ed od za\u010diatku gravidity do 36. t\u00fd\u017ed\u0148a tehotnosti)<sup>2<\/sup>   150,00 \u20ac<\/li>\n\n\n\n<li>I. trim. kombinovan\u00fd screening (FMF certifik\u00e1cia) 85 \u20ac (pre &#8222;na\u0161e&#8220; tehotn\u00e9 pacientky z\u013eava 15\u20ac)<\/li>\n\n\n\n<li>Morfologick\u00e9 USG vy\u0161etrenie plodu v 2. a 3. trimestri s vyu\u017eit\u00edm 3D\/4D 85 \u20ac (pre &#8222;na\u0161e&#8220; tehotn\u00e9 pacientky z\u013eava 15\u20ac)<\/li>\n\n\n\n<li>Pr\u00edtomnos\u0165 sprev\u00e1dzaj\u00facej osoby pri vy\u0161etren\u00ed (za ka\u017ed\u00fa osobu) 5\u20ac (na\u0161e tehotn\u00e9 po\u010das objednan\u00fdch USG vy\u0161etren\u00ed &#8211; 2 osoby so 100% z\u013eavou)<\/li>\n\n\n\n<li>III. trim. skr\u00edning FGR v 36.t.g.   65,00 \u20ac<\/li>\n\n\n\n<li>USG skr\u00edning preeklampsie   20,00 \u20ac<\/li>\n\n\n\n<li>oGTT  25,00 \u20ac<\/li>\n\n\n\n<li>CTG   20,00 \u20ac<\/li>\n<\/ul>\n\n\n\n<div class=\"wp-block-group\"><div class=\"wp-block-group__inner-container is-layout-constrained wp-block-group-is-layout-constrained\">\n<p class=\"has-small-font-size\">* z\u013eava pre pacientky nad 65 rokov, Z\u0164P a \u017eeny po hysterekt\u00f3mii 20%, z\u013eava pre \u0161tudentky denn\u00e9ho \u0161t\u00fadia do 26 rokov 15% (potrebn\u00e9 ka\u017edoro\u010dn\u00e9 potvrdenie o \u0161t\u00fadiu). Uveden\u00e9 z\u013eavy s\u00fa poskytovan\u00e9 na vy\u017eiadanie. <\/p>\n\n\n\n<p class=\"has-small-font-size\"><sup>1 <\/sup> poplatok zah\u0155\u0148a: filtrovan\u00fa vodu, k\u00e1vu, \u010daj, WIFI pripojenie, ka\u017edoro\u010dn\u00e9 cytologick\u00e9 vy\u0161etrenie pri prevencii, jednor\u00e1zov\u00e9 plastov\u00e9 vy\u0161etrovacie zrkadl\u00e1 pri prevencii, bezplatn\u00e9 parkovanie po\u010das vy\u0161etrenia na s\u00fakromnom pozemku pred ambulanciou<\/p>\n<\/div><\/div>\n\n\n\n<p class=\"has-small-font-size\"><sup>2 <\/sup>poplatok zah\u0155\u0148a: filtrovan\u00fa vodu, k\u00e1vu, \u010daj, WIFI pripojenie, bezplatn\u00e9 parkovanie po\u010das vy\u0161etrenia na s\u00fakromnom pozemku pred ambulanciou, USG kontrola plodu pri ka\u017edej poradni, z\u013eava z poplatku za &#8222;I. trim. USG skr\u00edning + PE, FGR (FMF certifik\u00e1cia)&#8220; a &#8222;Morfologick\u00e9 USG vy\u0161etrenie v 2. a 3: trimestri s vyu\u017eit\u00edm 3D\/4D&#8220;, \u017e\u013eavu pre sprav\u00e1dzaj\u00face osoby pri objednanom USG vy\u0161etren\u00ed.<\/p>\n\n\n\n<p><\/p>\n\n\n\n<p><\/p>\n\n\n\n<div class=\"wp-block-buttons is-layout-flex wp-block-buttons-is-layout-flex\">\n<div class=\"wp-block-button\"><a class=\"wp-block-button__link wp-element-button\" href=\"https:\/\/www.prenatalgyncare.sk\/wp-content\/uploads\/2026\/01\/cennik-na-web-nekap-1_2026.pdf\">V\u00fdber z cenn\u00edka pre pacientky, ktor\u00e9 nenav\u0161tevuj\u00fa na\u0161u ambulanciu, pr\u00edpadne nemaj\u00fa platn\u00e9 poistenie<\/a><\/div>\n<\/div>\n\n\n\n<p><\/p>\n","protected":false},"excerpt":{"rendered":"<p>Uveden\u00e9 s\u00fa v\u00fdbran\u00e9 \u00fakony z cenn\u00edka. Kompletn\u00fd aktu\u00e1lny cenn\u00edk je k dispoz\u00edcii v priestoroch ambulancie. Platba u n\u00e1s mo\u017en\u00e1 v hotovosti, alebo platobnou kartou (spoplatnen\u00e1 slu\u017eba). Gynekol\u00f3gia a v\u0161eobecn\u00e9 slu\u017eby Tehotenstvo * z\u013eava pre pacientky nad 65 rokov, Z\u0164P a \u017eeny po hysterekt\u00f3mii 20%, z\u013eava pre \u0161tudentky denn\u00e9ho \u0161t\u00fadia do 26 rokov 15% (potrebn\u00e9 ka\u017edoro\u010dn\u00e9 [&hellip;]<\/p>\n","protected":false},"author":1,"featured_media":0,"parent":0,"menu_order":0,"comment_status":"closed","ping_status":"closed","template":"","meta":{"om_disable_all_campaigns":false,"_monsterinsights_skip_tracking":false,"_monsterinsights_sitenote_active":false,"_monsterinsights_sitenote_note":"","_monsterinsights_sitenote_category":0,"_uf_show_specific_survey":0,"_uf_disable_surveys":false,"footnotes":""},"class_list":["post-41","page","type-page","status-publish","hentry"],"aioseo_notices":[],"yoast_head":"<!-- This site is optimized with the Yoast SEO plugin v27.4 - https:\/\/yoast.com\/product\/yoast-seo-wordpress\/ -->\n<title>Cenn\u00edk - PrenatalGyn Care<\/title>\n<meta name=\"robots\" content=\"index, follow, max-snippet:-1, max-image-preview:large, max-video-preview:-1\" \/>\n<link rel=\"canonical\" href=\"https:\/\/www.prenatalgyncare.sk\/?page_id=41\" \/>\n<meta property=\"og:locale\" content=\"sk_SK\" \/>\n<meta property=\"og:type\" content=\"article\" \/>\n<meta property=\"og:title\" content=\"Cenn\u00edk - PrenatalGyn Care\" \/>\n<meta property=\"og:description\" content=\"Uveden\u00e9 s\u00fa v\u00fdbran\u00e9 \u00fakony z cenn\u00edka. Kompletn\u00fd aktu\u00e1lny cenn\u00edk je k dispoz\u00edcii v priestoroch ambulancie. Platba u n\u00e1s mo\u017en\u00e1 v hotovosti, alebo platobnou kartou (spoplatnen\u00e1 slu\u017eba). Gynekol\u00f3gia a v\u0161eobecn\u00e9 slu\u017eby Tehotenstvo * z\u013eava pre pacientky nad 65 rokov, Z\u0164P a \u017eeny po hysterekt\u00f3mii 20%, z\u013eava pre \u0161tudentky denn\u00e9ho \u0161t\u00fadia do 26 rokov 15% (potrebn\u00e9 ka\u017edoro\u010dn\u00e9 [&hellip;]\" \/>\n<meta property=\"og:url\" content=\"https:\/\/www.prenatalgyncare.sk\/?page_id=41\" \/>\n<meta property=\"og:site_name\" content=\"PrenatalGyn Care\" \/>\n<meta property=\"article:modified_time\" content=\"2026-01-03T21:50:54+00:00\" \/>\n<meta name=\"twitter:card\" content=\"summary_large_image\" \/>\n<meta name=\"twitter:label1\" content=\"Predpokladan\u00fd \u010das \u010d\u00edtania\" \/>\n\t<meta name=\"twitter:data1\" content=\"2 min\u00faty\" \/>\n<script type=\"application\/ld+json\" class=\"yoast-schema-graph\">{\"@context\":\"https:\\\/\\\/schema.org\",\"@graph\":[{\"@type\":\"WebPage\",\"@id\":\"https:\\\/\\\/www.prenatalgyncare.sk\\\/?page_id=41\",\"url\":\"https:\\\/\\\/www.prenatalgyncare.sk\\\/?page_id=41\",\"name\":\"Cenn\u00edk - PrenatalGyn Care\",\"isPartOf\":{\"@id\":\"https:\\\/\\\/www.prenatalgyncare.sk\\\/#website\"},\"datePublished\":\"2024-06-22T11:53:36+00:00\",\"dateModified\":\"2026-01-03T21:50:54+00:00\",\"breadcrumb\":{\"@id\":\"https:\\\/\\\/www.prenatalgyncare.sk\\\/?page_id=41#breadcrumb\"},\"inLanguage\":\"sk-SK\",\"potentialAction\":[{\"@type\":\"ReadAction\",\"target\":[\"https:\\\/\\\/www.prenatalgyncare.sk\\\/?page_id=41\"]}]},{\"@type\":\"BreadcrumbList\",\"@id\":\"https:\\\/\\\/www.prenatalgyncare.sk\\\/?page_id=41#breadcrumb\",\"itemListElement\":[{\"@type\":\"ListItem\",\"position\":1,\"name\":\"Home\",\"item\":\"https:\\\/\\\/www.prenatalgyncare.sk\\\/\"},{\"@type\":\"ListItem\",\"position\":2,\"name\":\"Cenn\u00edk\"}]},{\"@type\":\"WebSite\",\"@id\":\"https:\\\/\\\/www.prenatalgyncare.sk\\\/#website\",\"url\":\"https:\\\/\\\/www.prenatalgyncare.sk\\\/\",\"name\":\"PrenatalGyn Care\",\"description\":\"\",\"publisher\":{\"@id\":\"https:\\\/\\\/www.prenatalgyncare.sk\\\/#organization\"},\"potentialAction\":[{\"@type\":\"SearchAction\",\"target\":{\"@type\":\"EntryPoint\",\"urlTemplate\":\"https:\\\/\\\/www.prenatalgyncare.sk\\\/?s={search_term_string}\"},\"query-input\":{\"@type\":\"PropertyValueSpecification\",\"valueRequired\":true,\"valueName\":\"search_term_string\"}}],\"inLanguage\":\"sk-SK\"},{\"@type\":\"Organization\",\"@id\":\"https:\\\/\\\/www.prenatalgyncare.sk\\\/#organization\",\"name\":\"PrenatalGyn Care\",\"url\":\"https:\\\/\\\/www.prenatalgyncare.sk\\\/\",\"logo\":{\"@type\":\"ImageObject\",\"inLanguage\":\"sk-SK\",\"@id\":\"https:\\\/\\\/www.prenatalgyncare.sk\\\/#\\\/schema\\\/logo\\\/image\\\/\",\"url\":\"https:\\\/\\\/www.prenatalgyncare.sk\\\/wp-content\\\/uploads\\\/2024\\\/06\\\/cropped-LOGO-PGC-s-nazvom.png\",\"contentUrl\":\"https:\\\/\\\/www.prenatalgyncare.sk\\\/wp-content\\\/uploads\\\/2024\\\/06\\\/cropped-LOGO-PGC-s-nazvom.png\",\"width\":512,\"height\":512,\"caption\":\"PrenatalGyn Care\"},\"image\":{\"@id\":\"https:\\\/\\\/www.prenatalgyncare.sk\\\/#\\\/schema\\\/logo\\\/image\\\/\"}}]}<\/script>\n<!-- \/ Yoast SEO plugin. -->","yoast_head_json":{"title":"Cenn\u00edk - PrenatalGyn Care","robots":{"index":"index","follow":"follow","max-snippet":"max-snippet:-1","max-image-preview":"max-image-preview:large","max-video-preview":"max-video-preview:-1"},"canonical":"https:\/\/www.prenatalgyncare.sk\/?page_id=41","og_locale":"sk_SK","og_type":"article","og_title":"Cenn\u00edk - PrenatalGyn Care","og_description":"Uveden\u00e9 s\u00fa v\u00fdbran\u00e9 \u00fakony z cenn\u00edka. Kompletn\u00fd aktu\u00e1lny cenn\u00edk je k dispoz\u00edcii v priestoroch ambulancie. Platba u n\u00e1s mo\u017en\u00e1 v hotovosti, alebo platobnou kartou (spoplatnen\u00e1 slu\u017eba). Gynekol\u00f3gia a v\u0161eobecn\u00e9 slu\u017eby Tehotenstvo * z\u013eava pre pacientky nad 65 rokov, Z\u0164P a \u017eeny po hysterekt\u00f3mii 20%, z\u013eava pre \u0161tudentky denn\u00e9ho \u0161t\u00fadia do 26 rokov 15% (potrebn\u00e9 ka\u017edoro\u010dn\u00e9 [&hellip;]","og_url":"https:\/\/www.prenatalgyncare.sk\/?page_id=41","og_site_name":"PrenatalGyn Care","article_modified_time":"2026-01-03T21:50:54+00:00","twitter_card":"summary_large_image","twitter_misc":{"Predpokladan\u00fd \u010das \u010d\u00edtania":"2 min\u00faty"},"schema":{"@context":"https:\/\/schema.org","@graph":[{"@type":"WebPage","@id":"https:\/\/www.prenatalgyncare.sk\/?page_id=41","url":"https:\/\/www.prenatalgyncare.sk\/?page_id=41","name":"Cenn\u00edk - PrenatalGyn Care","isPartOf":{"@id":"https:\/\/www.prenatalgyncare.sk\/#website"},"datePublished":"2024-06-22T11:53:36+00:00","dateModified":"2026-01-03T21:50:54+00:00","breadcrumb":{"@id":"https:\/\/www.prenatalgyncare.sk\/?page_id=41#breadcrumb"},"inLanguage":"sk-SK","potentialAction":[{"@type":"ReadAction","target":["https:\/\/www.prenatalgyncare.sk\/?page_id=41"]}]},{"@type":"BreadcrumbList","@id":"https:\/\/www.prenatalgyncare.sk\/?page_id=41#breadcrumb","itemListElement":[{"@type":"ListItem","position":1,"name":"Home","item":"https:\/\/www.prenatalgyncare.sk\/"},{"@type":"ListItem","position":2,"name":"Cenn\u00edk"}]},{"@type":"WebSite","@id":"https:\/\/www.prenatalgyncare.sk\/#website","url":"https:\/\/www.prenatalgyncare.sk\/","name":"PrenatalGyn Care","description":"","publisher":{"@id":"https:\/\/www.prenatalgyncare.sk\/#organization"},"potentialAction":[{"@type":"SearchAction","target":{"@type":"EntryPoint","urlTemplate":"https:\/\/www.prenatalgyncare.sk\/?s={search_term_string}"},"query-input":{"@type":"PropertyValueSpecification","valueRequired":true,"valueName":"search_term_string"}}],"inLanguage":"sk-SK"},{"@type":"Organization","@id":"https:\/\/www.prenatalgyncare.sk\/#organization","name":"PrenatalGyn Care","url":"https:\/\/www.prenatalgyncare.sk\/","logo":{"@type":"ImageObject","inLanguage":"sk-SK","@id":"https:\/\/www.prenatalgyncare.sk\/#\/schema\/logo\/image\/","url":"https:\/\/www.prenatalgyncare.sk\/wp-content\/uploads\/2024\/06\/cropped-LOGO-PGC-s-nazvom.png","contentUrl":"https:\/\/www.prenatalgyncare.sk\/wp-content\/uploads\/2024\/06\/cropped-LOGO-PGC-s-nazvom.png","width":512,"height":512,"caption":"PrenatalGyn Care"},"image":{"@id":"https:\/\/www.prenatalgyncare.sk\/#\/schema\/logo\/image\/"}}]}},"_links":{"self":[{"href":"https:\/\/www.prenatalgyncare.sk\/index.php?rest_route=\/wp\/v2\/pages\/41","targetHints":{"allow":["GET"]}}],"collection":[{"href":"https:\/\/www.prenatalgyncare.sk\/index.php?rest_route=\/wp\/v2\/pages"}],"about":[{"href":"https:\/\/www.prenatalgyncare.sk\/index.php?rest_route=\/wp\/v2\/types\/page"}],"author":[{"embeddable":true,"href":"https:\/\/www.prenatalgyncare.sk\/index.php?rest_route=\/wp\/v2\/users\/1"}],"replies":[{"embeddable":true,"href":"https:\/\/www.prenatalgyncare.sk\/index.php?rest_route=%2Fwp%2Fv2%2Fcomments&post=41"}],"version-history":[{"count":5,"href":"https:\/\/www.prenatalgyncare.sk\/index.php?rest_route=\/wp\/v2\/pages\/41\/revisions"}],"predecessor-version":[{"id":814,"href":"https:\/\/www.prenatalgyncare.sk\/index.php?rest_route=\/wp\/v2\/pages\/41\/revisions\/814"}],"wp:attachment":[{"href":"https:\/\/www.prenatalgyncare.sk\/index.php?rest_route=%2Fwp%2Fv2%2Fmedia&parent=41"}],"curies":[{"name":"wp","href":"https:\/\/api.w.org\/{rel}","templated":true}]}}