{"id":561,"date":"2025-05-16T16:21:57","date_gmt":"2025-05-16T14:21:57","guid":{"rendered":"https:\/\/www.prenatalgyncare.sk\/?page_id=561"},"modified":"2025-09-25T22:25:34","modified_gmt":"2025-09-25T20:25:34","slug":"ultrazvuk-v-druhom-trimestri","status":"publish","type":"page","link":"https:\/\/www.prenatalgyncare.sk\/?page_id=561","title":{"rendered":"Ultrazvuk v druhom trimestri"},"content":{"rendered":"\n<p><\/p>\n\n\n\n<p style=\"font-size:22px\">D\u00f4le\u017eit\u00e9 ultrazvukov\u00e9 vy\u0161etrenie v druhom trimestri tehotenstva<\/p>\n\n\n\n<p>V druhom trimestri tehotenstva, konkr\u00e9tne medzi <strong>18. a 22. t\u00fd\u017ed\u0148om<\/strong>, sa vykon\u00e1va k\u013e\u00fa\u010dov\u00e9 ultrazvukov\u00e9 vy\u0161etrenie, \u010dasto ozna\u010dovan\u00e9 ako morfologick\u00fd ultrazvuk. Jeho hlavn\u00fdm cie\u013eom je podrobne skontrolova\u0165 v\u00fdvoj V\u00e1\u0161ho b\u00e1b\u00e4tka a uisti\u0165 sa, \u017ee v\u0161etko, \u010do sa d\u00e1 ultrazvukov\u00fdm vy\u0161etren\u00edm zisti\u0165, prebieha spr\u00e1vne.<\/p>\n\n\n\n<hr class=\"wp-block-separator has-alpha-channel-opacity\"\/>\n\n\n\n<p style=\"font-size:22px\">\u010co po\u010das tohto vy\u0161etrenia sledujeme:<\/p>\n\n\n\n<ul class=\"wp-block-list\">\n<li><strong>Podrobn\u00e1 kontrola org\u00e1nov:<\/strong> D\u00f4kladne prezrieme v\u0161etky hlavn\u00e9 org\u00e1ny b\u00e1b\u00e4tka, ako s\u00fa srdce, mozog, obli\u010dky, p\u013e\u00faca a tr\u00e1viaci syst\u00e9m. H\u013ead\u00e1me pr\u00edpadn\u00e9 odch\u00fdlky vo v\u00fdvoji, ktor\u00e9 by mohli ovplyvni\u0165 jeho zdravie.<\/li>\n\n\n\n<li><strong>Meranie rastu a v\u00fdvoja:<\/strong> Zmeriame d\u00f4le\u017eit\u00e9 \u010dasti tela b\u00e1b\u00e4tka, ako je d\u013a\u017eka stehennej kosti, obvod hlavy a brucha, pr\u00edpadne aj meranie \u010fal\u0161\u00edch kost\u00ed. Tieto merania n\u00e1m pom\u00e1haj\u00fa pos\u00fadi\u0165, \u010di b\u00e1b\u00e4tko rastie o\u010dak\u00e1van\u00fdm tempom.<\/li>\n\n\n\n<li><strong>Umiestnenie placenty a mno\u017estvo plodovej vody:<\/strong> Skontrolujeme polohu placenty, ktor\u00e1 vy\u017eivuje b\u00e1b\u00e4tko, a mno\u017estvo plodovej vody, v ktorej sa b\u00e1b\u00e4tko vyv\u00edja. Oboje s\u00fa d\u00f4le\u017eit\u00e9 pre bezprobl\u00e9mov\u00fd priebeh tehotenstva.<\/li>\n\n\n\n<li><strong>Ur\u010denie pohlavia b\u00e1b\u00e4tka:<\/strong> Ak si \u017eel\u00e1te a b\u00e1b\u00e4tko je v spr\u00e1vnej polohe, m\u00f4\u017eeme v\u00e1m v tomto \u0161t\u00e1diu s vysokou presnos\u0165ou poveda\u0165, \u010di \u010dak\u00e1te diev\u010datko alebo chlap\u010deka.<\/li>\n<\/ul>\n\n\n\n<hr class=\"wp-block-separator has-alpha-channel-opacity\"\/>\n\n\n\n<p style=\"font-size:22px\">Pre\u010do je toto vy\u0161etrenie d\u00f4le\u017eit\u00e9?<\/p>\n\n\n\n<p>Toto vy\u0161etrenie je d\u00f4le\u017eit\u00e9 pre pokojn\u00fd priebeh v\u00e1\u0161ho tehotenstva. Poskytuje n\u00e1m aj v\u00e1m d\u00f4le\u017eit\u00e9 inform\u00e1cie o stave a v\u00fdvoji V\u00e1\u0161ho die\u0165atka. Ak by sme n\u00e1hodou nie\u010do zistili, budeme V\u00e1s informova\u0165 a spolo\u010dne n\u00e1jdeme najlep\u0161ie rie\u0161enie. Navy\u0161e, s 3D a 4D technol\u00f3giou uvid\u00edte Va\u0161e b\u00e1b\u00e4tko e\u0161te detailnej\u0161ie! Je to jedine\u010dn\u00e1 pr\u00edle\u017eitos\u0165 pozrie\u0165 sa na svoje die\u0165atko podrobne.<\/p>\n\n\n\n<hr class=\"wp-block-separator has-alpha-channel-opacity\"\/>\n\n\n\n<p><strong>Pr\u00edprava na vy\u0161etrenie:<\/strong><\/p>\n\n\n\n<p>Na ultrazvukov\u00e9 vy\u0161etrenie v druhom trimestri zvy\u010dajne <strong>nie je potrebn\u00e1 \u017eiadna \u0161peci\u00e1lna pr\u00edprava<\/strong>. Nie je nutn\u00e9 ma\u0165 pln\u00fd mo\u010dov\u00fd mech\u00far. Odpor\u00fa\u010dame pohodln\u00e9 oble\u010denie a nieko\u013eko dn\u00ed pred vy\u0161etren\u00edm <strong>zv\u00fd\u0161i\u0165 pr\u00edjem neperliv\u00fdch nesladen\u00fdch tekut\u00edn<\/strong>.<\/p>\n\n\n\n<p><strong>Bezpe\u010dnos\u0165 vy\u0161etrenia:<\/strong><\/p>\n\n\n\n<p>Ultrazvukov\u00e9 vy\u0161etrenie je bezpe\u010dn\u00e1 a neinvaz\u00edvna diagnostick\u00e1 met\u00f3da, ktor\u00e1 nepredstavuje \u017eiadne riziko pre matku ani pre plod.<\/p>\n\n\n\n<p>V na\u0161ej ambulancii kladieme d\u00f4raz na individu\u00e1lny pr\u00edstup a detailn\u00e9 vysvetlenie v\u0161etk\u00fdch n\u00e1lezov. Na\u0161\u00edm cie\u013eom je, aby ste sa c\u00edtili informovan\u00ed a pokojn\u00ed. Ak m\u00e1te ak\u00e9ko\u013evek ot\u00e1zky t\u00fdkaj\u00face sa ultrazvukov\u00e9ho vy\u0161etrenia v druhom trimestri, nev\u00e1hajte n\u00e1s kontaktova\u0165.<\/p>\n\n\n\n<div class=\"wp-block-buttons is-layout-flex wp-block-buttons-is-layout-flex\">\n<div class=\"wp-block-button\"><a class=\"wp-block-button__link wp-element-button\" href=\"https:\/\/www.prenatalgyncare.sk\/?page_id=352\"><strong>Kliknite pre objednanie sa<\/strong><\/a><\/div>\n<\/div>\n\n\n\n<figure class=\"wp-block-image size-large\"><img loading=\"lazy\" decoding=\"async\" width=\"1024\" height=\"768\" src=\"https:\/\/www.prenatalgyncare.sk\/wp-content\/uploads\/2025\/09\/2-trim-1024x768.jpg\" alt=\"\" class=\"wp-image-781\" srcset=\"https:\/\/www.prenatalgyncare.sk\/wp-content\/uploads\/2025\/09\/2-trim-1024x768.jpg 1024w, https:\/\/www.prenatalgyncare.sk\/wp-content\/uploads\/2025\/09\/2-trim-300x225.jpg 300w, https:\/\/www.prenatalgyncare.sk\/wp-content\/uploads\/2025\/09\/2-trim-768x576.jpg 768w, https:\/\/www.prenatalgyncare.sk\/wp-content\/uploads\/2025\/09\/2-trim.jpg 1136w\" sizes=\"auto, (max-width: 1024px) 100vw, 1024px\" \/><\/figure>\n","protected":false},"excerpt":{"rendered":"<p>D\u00f4le\u017eit\u00e9 ultrazvukov\u00e9 vy\u0161etrenie v druhom trimestri tehotenstva V druhom trimestri tehotenstva, konkr\u00e9tne medzi 18. a 22. t\u00fd\u017ed\u0148om, sa vykon\u00e1va k\u013e\u00fa\u010dov\u00e9 ultrazvukov\u00e9 vy\u0161etrenie, \u010dasto ozna\u010dovan\u00e9 ako morfologick\u00fd ultrazvuk. Jeho hlavn\u00fdm cie\u013eom je podrobne skontrolova\u0165 v\u00fdvoj V\u00e1\u0161ho b\u00e1b\u00e4tka a uisti\u0165 sa, \u017ee v\u0161etko, \u010do sa d\u00e1 ultrazvukov\u00fdm vy\u0161etren\u00edm zisti\u0165, prebieha spr\u00e1vne. \u010co po\u010das tohto vy\u0161etrenia sledujeme: Pre\u010do [&hellip;]<\/p>\n","protected":false},"author":1,"featured_media":0,"parent":0,"menu_order":0,"comment_status":"closed","ping_status":"closed","template":"","meta":{"om_disable_all_campaigns":false,"_monsterinsights_skip_tracking":false,"_monsterinsights_sitenote_active":false,"_monsterinsights_sitenote_note":"","_monsterinsights_sitenote_category":0,"_uf_show_specific_survey":0,"_uf_disable_surveys":false,"footnotes":""},"class_list":["post-561","page","type-page","status-publish","hentry"],"aioseo_notices":[],"yoast_head":"<!-- This site is optimized with the Yoast SEO plugin v27.4 - https:\/\/yoast.com\/product\/yoast-seo-wordpress\/ -->\n<title>Ultrazvuk v druhom trimestri - PrenatalGyn Care<\/title>\n<meta name=\"robots\" content=\"index, follow, max-snippet:-1, max-image-preview:large, max-video-preview:-1\" \/>\n<link rel=\"canonical\" href=\"https:\/\/www.prenatalgyncare.sk\/?page_id=561\" \/>\n<meta property=\"og:locale\" content=\"sk_SK\" \/>\n<meta property=\"og:type\" content=\"article\" \/>\n<meta property=\"og:title\" content=\"Ultrazvuk v druhom trimestri - PrenatalGyn Care\" \/>\n<meta property=\"og:description\" content=\"D\u00f4le\u017eit\u00e9 ultrazvukov\u00e9 vy\u0161etrenie v druhom trimestri tehotenstva V druhom trimestri tehotenstva, konkr\u00e9tne medzi 18. a 22. t\u00fd\u017ed\u0148om, sa vykon\u00e1va k\u013e\u00fa\u010dov\u00e9 ultrazvukov\u00e9 vy\u0161etrenie, \u010dasto ozna\u010dovan\u00e9 ako morfologick\u00fd ultrazvuk. Jeho hlavn\u00fdm cie\u013eom je podrobne skontrolova\u0165 v\u00fdvoj V\u00e1\u0161ho b\u00e1b\u00e4tka a uisti\u0165 sa, \u017ee v\u0161etko, \u010do sa d\u00e1 ultrazvukov\u00fdm vy\u0161etren\u00edm zisti\u0165, prebieha spr\u00e1vne. \u010co po\u010das tohto vy\u0161etrenia sledujeme: Pre\u010do [&hellip;]\" \/>\n<meta property=\"og:url\" content=\"https:\/\/www.prenatalgyncare.sk\/?page_id=561\" \/>\n<meta property=\"og:site_name\" content=\"PrenatalGyn Care\" \/>\n<meta property=\"article:modified_time\" content=\"2025-09-25T20:25:34+00:00\" \/>\n<meta property=\"og:image\" content=\"https:\/\/www.prenatalgyncare.sk\/wp-content\/uploads\/2025\/09\/2-trim.jpg\" \/>\n\t<meta property=\"og:image:width\" content=\"1136\" \/>\n\t<meta property=\"og:image:height\" content=\"852\" \/>\n\t<meta property=\"og:image:type\" content=\"image\/jpeg\" \/>\n<meta name=\"twitter:card\" content=\"summary_large_image\" \/>\n<meta name=\"twitter:label1\" content=\"Predpokladan\u00fd \u010das \u010d\u00edtania\" \/>\n\t<meta name=\"twitter:data1\" content=\"2 min\u00faty\" \/>\n<script type=\"application\/ld+json\" class=\"yoast-schema-graph\">{\"@context\":\"https:\\\/\\\/schema.org\",\"@graph\":[{\"@type\":\"WebPage\",\"@id\":\"https:\\\/\\\/www.prenatalgyncare.sk\\\/?page_id=561\",\"url\":\"https:\\\/\\\/www.prenatalgyncare.sk\\\/?page_id=561\",\"name\":\"Ultrazvuk v druhom trimestri - PrenatalGyn Care\",\"isPartOf\":{\"@id\":\"https:\\\/\\\/www.prenatalgyncare.sk\\\/#website\"},\"primaryImageOfPage\":{\"@id\":\"https:\\\/\\\/www.prenatalgyncare.sk\\\/?page_id=561#primaryimage\"},\"image\":{\"@id\":\"https:\\\/\\\/www.prenatalgyncare.sk\\\/?page_id=561#primaryimage\"},\"thumbnailUrl\":\"https:\\\/\\\/www.prenatalgyncare.sk\\\/wp-content\\\/uploads\\\/2025\\\/09\\\/2-trim-1024x768.jpg\",\"datePublished\":\"2025-05-16T14:21:57+00:00\",\"dateModified\":\"2025-09-25T20:25:34+00:00\",\"breadcrumb\":{\"@id\":\"https:\\\/\\\/www.prenatalgyncare.sk\\\/?page_id=561#breadcrumb\"},\"inLanguage\":\"sk-SK\",\"potentialAction\":[{\"@type\":\"ReadAction\",\"target\":[\"https:\\\/\\\/www.prenatalgyncare.sk\\\/?page_id=561\"]}]},{\"@type\":\"ImageObject\",\"inLanguage\":\"sk-SK\",\"@id\":\"https:\\\/\\\/www.prenatalgyncare.sk\\\/?page_id=561#primaryimage\",\"url\":\"https:\\\/\\\/www.prenatalgyncare.sk\\\/wp-content\\\/uploads\\\/2025\\\/09\\\/2-trim.jpg\",\"contentUrl\":\"https:\\\/\\\/www.prenatalgyncare.sk\\\/wp-content\\\/uploads\\\/2025\\\/09\\\/2-trim.jpg\",\"width\":1136,\"height\":852},{\"@type\":\"BreadcrumbList\",\"@id\":\"https:\\\/\\\/www.prenatalgyncare.sk\\\/?page_id=561#breadcrumb\",\"itemListElement\":[{\"@type\":\"ListItem\",\"position\":1,\"name\":\"Home\",\"item\":\"https:\\\/\\\/www.prenatalgyncare.sk\\\/\"},{\"@type\":\"ListItem\",\"position\":2,\"name\":\"Ultrazvuk v druhom trimestri\"}]},{\"@type\":\"WebSite\",\"@id\":\"https:\\\/\\\/www.prenatalgyncare.sk\\\/#website\",\"url\":\"https:\\\/\\\/www.prenatalgyncare.sk\\\/\",\"name\":\"PrenatalGyn Care\",\"description\":\"\",\"publisher\":{\"@id\":\"https:\\\/\\\/www.prenatalgyncare.sk\\\/#organization\"},\"potentialAction\":[{\"@type\":\"SearchAction\",\"target\":{\"@type\":\"EntryPoint\",\"urlTemplate\":\"https:\\\/\\\/www.prenatalgyncare.sk\\\/?s={search_term_string}\"},\"query-input\":{\"@type\":\"PropertyValueSpecification\",\"valueRequired\":true,\"valueName\":\"search_term_string\"}}],\"inLanguage\":\"sk-SK\"},{\"@type\":\"Organization\",\"@id\":\"https:\\\/\\\/www.prenatalgyncare.sk\\\/#organization\",\"name\":\"PrenatalGyn Care\",\"url\":\"https:\\\/\\\/www.prenatalgyncare.sk\\\/\",\"logo\":{\"@type\":\"ImageObject\",\"inLanguage\":\"sk-SK\",\"@id\":\"https:\\\/\\\/www.prenatalgyncare.sk\\\/#\\\/schema\\\/logo\\\/image\\\/\",\"url\":\"https:\\\/\\\/www.prenatalgyncare.sk\\\/wp-content\\\/uploads\\\/2024\\\/06\\\/cropped-LOGO-PGC-s-nazvom.png\",\"contentUrl\":\"https:\\\/\\\/www.prenatalgyncare.sk\\\/wp-content\\\/uploads\\\/2024\\\/06\\\/cropped-LOGO-PGC-s-nazvom.png\",\"width\":512,\"height\":512,\"caption\":\"PrenatalGyn Care\"},\"image\":{\"@id\":\"https:\\\/\\\/www.prenatalgyncare.sk\\\/#\\\/schema\\\/logo\\\/image\\\/\"}}]}<\/script>\n<!-- \/ Yoast SEO plugin. -->","yoast_head_json":{"title":"Ultrazvuk v druhom trimestri - PrenatalGyn Care","robots":{"index":"index","follow":"follow","max-snippet":"max-snippet:-1","max-image-preview":"max-image-preview:large","max-video-preview":"max-video-preview:-1"},"canonical":"https:\/\/www.prenatalgyncare.sk\/?page_id=561","og_locale":"sk_SK","og_type":"article","og_title":"Ultrazvuk v druhom trimestri - PrenatalGyn Care","og_description":"D\u00f4le\u017eit\u00e9 ultrazvukov\u00e9 vy\u0161etrenie v druhom trimestri tehotenstva V druhom trimestri tehotenstva, konkr\u00e9tne medzi 18. a 22. t\u00fd\u017ed\u0148om, sa vykon\u00e1va k\u013e\u00fa\u010dov\u00e9 ultrazvukov\u00e9 vy\u0161etrenie, \u010dasto ozna\u010dovan\u00e9 ako morfologick\u00fd ultrazvuk. Jeho hlavn\u00fdm cie\u013eom je podrobne skontrolova\u0165 v\u00fdvoj V\u00e1\u0161ho b\u00e1b\u00e4tka a uisti\u0165 sa, \u017ee v\u0161etko, \u010do sa d\u00e1 ultrazvukov\u00fdm vy\u0161etren\u00edm zisti\u0165, prebieha spr\u00e1vne. \u010co po\u010das tohto vy\u0161etrenia sledujeme: Pre\u010do [&hellip;]","og_url":"https:\/\/www.prenatalgyncare.sk\/?page_id=561","og_site_name":"PrenatalGyn Care","article_modified_time":"2025-09-25T20:25:34+00:00","og_image":[{"width":1136,"height":852,"url":"https:\/\/www.prenatalgyncare.sk\/wp-content\/uploads\/2025\/09\/2-trim.jpg","type":"image\/jpeg"}],"twitter_card":"summary_large_image","twitter_misc":{"Predpokladan\u00fd \u010das \u010d\u00edtania":"2 min\u00faty"},"schema":{"@context":"https:\/\/schema.org","@graph":[{"@type":"WebPage","@id":"https:\/\/www.prenatalgyncare.sk\/?page_id=561","url":"https:\/\/www.prenatalgyncare.sk\/?page_id=561","name":"Ultrazvuk v druhom trimestri - PrenatalGyn Care","isPartOf":{"@id":"https:\/\/www.prenatalgyncare.sk\/#website"},"primaryImageOfPage":{"@id":"https:\/\/www.prenatalgyncare.sk\/?page_id=561#primaryimage"},"image":{"@id":"https:\/\/www.prenatalgyncare.sk\/?page_id=561#primaryimage"},"thumbnailUrl":"https:\/\/www.prenatalgyncare.sk\/wp-content\/uploads\/2025\/09\/2-trim-1024x768.jpg","datePublished":"2025-05-16T14:21:57+00:00","dateModified":"2025-09-25T20:25:34+00:00","breadcrumb":{"@id":"https:\/\/www.prenatalgyncare.sk\/?page_id=561#breadcrumb"},"inLanguage":"sk-SK","potentialAction":[{"@type":"ReadAction","target":["https:\/\/www.prenatalgyncare.sk\/?page_id=561"]}]},{"@type":"ImageObject","inLanguage":"sk-SK","@id":"https:\/\/www.prenatalgyncare.sk\/?page_id=561#primaryimage","url":"https:\/\/www.prenatalgyncare.sk\/wp-content\/uploads\/2025\/09\/2-trim.jpg","contentUrl":"https:\/\/www.prenatalgyncare.sk\/wp-content\/uploads\/2025\/09\/2-trim.jpg","width":1136,"height":852},{"@type":"BreadcrumbList","@id":"https:\/\/www.prenatalgyncare.sk\/?page_id=561#breadcrumb","itemListElement":[{"@type":"ListItem","position":1,"name":"Home","item":"https:\/\/www.prenatalgyncare.sk\/"},{"@type":"ListItem","position":2,"name":"Ultrazvuk v druhom trimestri"}]},{"@type":"WebSite","@id":"https:\/\/www.prenatalgyncare.sk\/#website","url":"https:\/\/www.prenatalgyncare.sk\/","name":"PrenatalGyn Care","description":"","publisher":{"@id":"https:\/\/www.prenatalgyncare.sk\/#organization"},"potentialAction":[{"@type":"SearchAction","target":{"@type":"EntryPoint","urlTemplate":"https:\/\/www.prenatalgyncare.sk\/?s={search_term_string}"},"query-input":{"@type":"PropertyValueSpecification","valueRequired":true,"valueName":"search_term_string"}}],"inLanguage":"sk-SK"},{"@type":"Organization","@id":"https:\/\/www.prenatalgyncare.sk\/#organization","name":"PrenatalGyn Care","url":"https:\/\/www.prenatalgyncare.sk\/","logo":{"@type":"ImageObject","inLanguage":"sk-SK","@id":"https:\/\/www.prenatalgyncare.sk\/#\/schema\/logo\/image\/","url":"https:\/\/www.prenatalgyncare.sk\/wp-content\/uploads\/2024\/06\/cropped-LOGO-PGC-s-nazvom.png","contentUrl":"https:\/\/www.prenatalgyncare.sk\/wp-content\/uploads\/2024\/06\/cropped-LOGO-PGC-s-nazvom.png","width":512,"height":512,"caption":"PrenatalGyn Care"},"image":{"@id":"https:\/\/www.prenatalgyncare.sk\/#\/schema\/logo\/image\/"}}]}},"_links":{"self":[{"href":"https:\/\/www.prenatalgyncare.sk\/index.php?rest_route=\/wp\/v2\/pages\/561","targetHints":{"allow":["GET"]}}],"collection":[{"href":"https:\/\/www.prenatalgyncare.sk\/index.php?rest_route=\/wp\/v2\/pages"}],"about":[{"href":"https:\/\/www.prenatalgyncare.sk\/index.php?rest_route=\/wp\/v2\/types\/page"}],"author":[{"embeddable":true,"href":"https:\/\/www.prenatalgyncare.sk\/index.php?rest_route=\/wp\/v2\/users\/1"}],"replies":[{"embeddable":true,"href":"https:\/\/www.prenatalgyncare.sk\/index.php?rest_route=%2Fwp%2Fv2%2Fcomments&post=561"}],"version-history":[{"count":5,"href":"https:\/\/www.prenatalgyncare.sk\/index.php?rest_route=\/wp\/v2\/pages\/561\/revisions"}],"predecessor-version":[{"id":783,"href":"https:\/\/www.prenatalgyncare.sk\/index.php?rest_route=\/wp\/v2\/pages\/561\/revisions\/783"}],"wp:attachment":[{"href":"https:\/\/www.prenatalgyncare.sk\/index.php?rest_route=%2Fwp%2Fv2%2Fmedia&parent=561"}],"curies":[{"name":"wp","href":"https:\/\/api.w.org\/{rel}","templated":true}]}}