{"id":606,"date":"2025-05-21T15:09:52","date_gmt":"2025-05-21T13:09:52","guid":{"rendered":"https:\/\/www.prenatalgyncare.sk\/?page_id=606"},"modified":"2025-05-21T15:09:53","modified_gmt":"2025-05-21T13:09:53","slug":"hpv","status":"publish","type":"page","link":"https:\/\/www.prenatalgyncare.sk\/?page_id=606","title":{"rendered":"HPV"},"content":{"rendered":"\n<p>HPV je v s\u00fa\u010dasnosti naj\u010dastej\u0161ia sexu\u00e1lne prenosn\u00e1 infekcia. Pred dosiahnut\u00edm veku 50 rokov sa genit\u00e1lna HPV infekcia objav\u00ed u 80 percent \u017eien a u najmenej 50 percent mu\u017eov. V\u00e4\u010d\u0161ina typov v\u00edrusu HPV spont\u00e1nne vymizne bez rozpoznate\u013en\u00fdch n\u00e1sledkov. Pokia\u013e k tomu ale ned\u00f4jde, infekcia m\u00f4\u017ee vies\u0165 k rozvoju mnoh\u00fdch ochoren\u00ed nap\u00e1daj\u00facich r\u00f4zne miesta na tele mu\u017eov i \u017eien.<\/p>\n\n\n\n<hr class=\"wp-block-separator has-alpha-channel-opacity\"\/>\n\n\n\n<p class=\"has-medium-font-size\">HPV infekcie rozli\u0161ujeme pod\u013ea toho, \u010di m\u00f4\u017eu sp\u00f4sobi\u0165 rakovinu.<\/p>\n\n\n\n<p>Pod\u013ea schopnosti vyvol\u00e1va\u0165 zmeny v infikovan\u00fdch bunk\u00e1ch ved\u00face k n\u00e1dorov\u00e9mu bujneniu sa HPV del\u00ed na vysoko rizikov\u00e9 (HR = high risk) a n\u00edzko rizikov\u00e9 (LR = low risk).<\/p>\n\n\n\n<p><strong>Vysoko rizikov\u00e9 typy<\/strong> 16, 18, 31, 33, 35, 39, 45, 51, 52, 56, 58, 59, 68, 73, 82<\/p>\n\n\n\n<p><strong>N\u00edzko rizikov\u00e9 typy<\/strong> 6, 11, 40, 42, 43, 44, 54, 61, 70, 72, 81, 89<\/p>\n\n\n\n<hr class=\"wp-block-separator has-alpha-channel-opacity\"\/>\n\n\n\n<h2 class=\"wp-block-heading has-medium-font-size\">S n\u00edzkym rizikom<\/h2>\n\n\n\n<p>N\u00edzke riziko znamen\u00e1, \u017ee tieto typy HPV nevyvol\u00e1vaj\u00fa n\u00e1dorov\u00e9 bujnenie, teda nesp\u00f4sobuj\u00fa rakovinu. Ochorenia, ktor\u00e9 sp\u00f4sobuj\u00fa, neohrozuj\u00fa \u017eeny a mu\u017eov na \u017eivote, ale nemo\u017eno o nich v \u017eiadnom pr\u00edpade poveda\u0165, \u017ee s\u00fa nez\u00e1va\u017en\u00e9. Prin\u00e1\u0161aj\u00fa pacientom ve\u013ek\u00e9 zdravotn\u00e9, soci\u00e1lne a partnersk\u00e9 probl\u00e9my. Ve\u013eakr\u00e1t vy\u017eaduj\u00fa dlhodob\u00fa opakovan\u00fa lie\u010dbu a opera\u010dn\u00e9 z\u00e1kroky.<\/p>\n\n\n\n<p>Infekcia HPV s n\u00edzkym rizikom (najm\u00e4 typy 6 a 11) sp\u00f4sobuje genit\u00e1lne kondyl\u00f3my (genit\u00e1lne bradavice), rekurentn\u00fa respira\u010dn\u00fa papilomat\u00f3zu a niektor\u00e9 mierne z\u00e1va\u017en\u00e9 predn\u00e1dorov\u00e9 stavy kr\u010dka maternice, po\u0161vy (vag\u00edny) a vonkaj\u0161\u00edch rodidiel (vulvy).<\/p>\n\n\n\n<hr class=\"wp-block-separator has-alpha-channel-opacity\"\/>\n\n\n\n<h2 class=\"wp-block-heading has-medium-font-size\">S vysok\u00fdm rizikom<\/h2>\n\n\n\n<p>Infekcia t\u00fdmito typmi HPV sp\u00f4sobuje n\u00e1dorov\u00e9 bujnenie a m\u00f4\u017ee vies\u0165 k rozvoju rakoviny u \u017eien aj mu\u017eov. Infekcia HPV s vysok\u00fdm rizikom (najm\u00e4 typy 16 a 18) vyvol\u00e1va n\u00e1dorov\u00e9 bujnenie a sp\u00f4sobuje rakovinu kr\u010dka maternice, rakovinu vonkaj\u0161\u00edch rodidiel (vulvy), rakovinu po\u0161vy (vag\u00edny), rakovinu penisu, rakovinu an\u00e1lneho otvoru, rakovinu v oblasti hlavy a krku.<\/p>\n\n\n\n<p><strong>Infekcia prebieha bez pr\u00edznakov<\/strong>, preto sa ve\u013emi r\u00fdchlo \u0161\u00edri.<\/p>\n\n\n\n<hr class=\"wp-block-separator has-alpha-channel-opacity\"\/>\n\n\n\n<h1 class=\"wp-block-heading has-medium-font-size\">Prenos int\u00edmnym kontaktom<\/h1>\n\n\n\n<p>HPV sa pren\u00e1\u0161a predov\u0161etk\u00fdm pohlavn\u00fdm stykom, alebo prenosom z r\u00fak \u010di \u00fast na pohlavn\u00e9 org\u00e1ny. Nemus\u00ed teda \u00eds\u0165 len o pohlavn\u00fd styk, k prenosu m\u00f4\u017ee d\u00f4js\u0165 aj pri in\u00fdch nekoit\u00e1lnych aktivit\u00e1ch (or\u00e1lnom sexe \u010di maznan\u00ed). <strong>Ani kond\u00f3m teda nie je dokonalou ochranou.<\/strong> <\/p>\n\n\n\n<p>\u013dudsk\u00fd papilomav\u00edrus nap\u00e1da bunky slizn\u00edc a poko\u017eky, a to najrad\u0161ej v oblasti prechodu sliznice na\u00a0ko\u017eu, alebo r\u00f4znych typov slizn\u00edc. Najsenzit\u00edvnej\u0161ia na infekciu je oblas\u0165 prechodu dla\u017edicov\u00e9ho a cylindrick\u00e9ho epitelu (kr\u010dok maternice, an\u00e1lny otvor, hrtan), kde v\u00edrusy infikuj\u00fa nezrel\u00e9 bunky, ku ktor\u00fdm prenikaj\u00fa cez miniat\u00farne poranenia. Vagin\u00e1lny sex, or\u00e1lny sex, an\u00e1lny sex, petting, netting (maznanie) \u2013 pri v\u0161etk\u00fdch t\u00fdchto praktik\u00e1ch prebiehaj\u00facich medzi heterosexu\u00e1lmi aj homosexu\u00e1lmi m\u00f4\u017ee d\u00f4js\u0165 k prenosu HPV infekcie.<\/p>\n\n\n\n<hr class=\"wp-block-separator has-alpha-channel-opacity\"\/>\n\n\n\n<h1 class=\"wp-block-heading has-medium-font-size\">Prenos z dospel\u00e9ho na die\u0165a<\/h1>\n\n\n\n<p>Ako ka\u017ed\u00e1 pohlavne prenosn\u00e1 choroba m\u00e1 aj HPV infekcia svoj vplyv v pr\u00edpade prenosu pri p\u00f4rode aj na deti. Prenos HPV v priebehu p\u00f4rodu je na\u0161\u0165astie vz\u00e1cny. Ide v\u00fdhradne o infekciu HPV n\u00edzkeho rizika, u matiek sp\u00f4sobuj\u00facich kondyl\u00f3my, u det\u00ed potom rast papilomov v d\u00fdchac\u00edch cest\u00e1ch \u2013 rekurentn\u00fa respira\u010dn\u00fa papilomat\u00f3zu. Rovnako ako obdobn\u00e9 ochorenie u dospel\u00fdch vedie k poruch\u00e1m d\u00fdchania zu\u017eovan\u00edm d\u00fdchac\u00edch ciest.<\/p>\n\n\n\n<hr class=\"wp-block-separator has-alpha-channel-opacity\"\/>\n\n\n\n<h1 class=\"wp-block-heading has-medium-font-size\">Prevencia proti HPV infekcii<\/h1>\n\n\n\n<h2 class=\"wp-block-heading\" style=\"font-size:18px\">Prim\u00e1rna prevencia<\/h2>\n\n\n\n<p>Cie\u013eom prim\u00e1rnej prevencie je zabr\u00e1ni\u0165 n\u00e1kaze infekci\u00ed HPV a n\u00e1sledn\u00e9mu rozvoju ochoren\u00ed. O\u010dkovanie je jedinou racion\u00e1lnou a \u00fa\u010dinnou prim\u00e1rnou prevenciou infekcie HPV. Najvy\u0161\u0161\u00ed efekt mo\u017eno dosiahnu\u0165, ak o\u010dkujeme diev\u010dat\u00e1 a chlapcov e\u0161te pred za\u010dat\u00edm sexu\u00e1lneho \u017eivota , tj sk\u00f4r, ne\u017e sa m\u00f4\u017eu s infekciou HPV stretn\u00fa\u0165. Ale aj o\u010dkovanie po za\u010dat\u00ed sexu\u00e1lneho \u017eivota prin\u00e1\u0161a v\u00fdrazn\u00e9 zn\u00ed\u017eenie rizika rozvoja niektor\u00e9ho z HPV ochoren\u00ed.<\/p>\n\n\n\n<p>Najviac typov vysokorizikov\u00fdch HPV pokr\u00fdva nonavalentn\u00e1 vakc\u00edna Gardasil 9<\/p>\n\n\n\n<p>Vakc\u00edna bola vyvinut\u00e1 s vysokou ochranou proti infekcii HPV 6, 11, 16, 18, 31, 33, 45, 52, 58 a chorob\u00e1m s nimi spojen\u00fdm. Dok\u00e1\u017ee chr\u00e1ni\u0165 pred 90% v\u0161etk\u00fdch n\u00e1dorov spojen\u00fdch s HPV infekciou.<\/p>\n\n\n\n<p>T\u00e1to inovat\u00edvna vakc\u00edna teda poskytuje ochranu proti:<\/p>\n\n\n\n<p>90% pr\u00edpadov rakoviny kr\u010dka maternice<\/p>\n\n\n\n<p>85 \u2013 90 % pr\u00edpadov rakoviny vulvy<\/p>\n\n\n\n<p>80 \u2013 85 % pr\u00edpadov rakoviny vag\u00edny<\/p>\n\n\n\n<p>90\u201395% pr\u00edpadov rakoviny an\u00e1lneho otvoru<\/p>\n\n\n\n<p>viac ako 90 % pr\u00edpadov genit\u00e1lnych bradav\u00edc<\/p>\n\n\n\n<p>abnorm\u00e1lnym a predn\u00e1dorov\u00fdm l\u00e9zi\u00e1m po\u0161vy a vonkaj\u0161\u00edch rodidiel abnorm\u00e1lnym predn\u00e1dorov\u00fdm l\u00e9zi\u00e1m zisten\u00fdm cytologick\u00fdm vy\u0161etren\u00edm steru z kr\u010dka maternice<\/p>\n\n\n\n<h2 class=\"wp-block-heading\" style=\"font-size:18px\">Sekund\u00e1rna prevencia \u2013 skr\u00edning<\/h2>\n\n\n\n<p>Skr\u00edning karcin\u00f3mu kr\u010dka maternice je syst\u00e9m, pomocou ktor\u00e9ho mo\u017eno zachyti\u0165 ochorenie v jeho skor\u00fdch \u0161t\u00e1di\u00e1ch. Ide o\u00a0pravideln\u00e9 gynekologick\u00e9 prevent\u00edvne prehliadky, ktor\u00fdch s\u00fa\u010das\u0165ou je ster z kr\u010dka maternice. Ten nezis\u0165uje priamo pr\u00edtomnos\u0165 HPV infekcie, iba sleduje abnormality (zmeny na kr\u010dku maternice) vzniknut\u00e9 p\u00f4soben\u00edm HPV infekcie.<\/p>\n\n\n\n<hr class=\"wp-block-separator has-alpha-channel-opacity\"\/>\n\n\n\n<h2 class=\"wp-block-heading has-medium-font-size\">HPV testy<\/h2>\n\n\n\n<p>HPV test je vhodn\u00fd pre \u017eeny star\u0161ie ako 30 rokov, ktor\u00e9 chc\u00fa ma\u0165 istotu, \u017ee nie s\u00fa infikovan\u00e9 vysoko rizikov\u00fdm typom v\u00edrusu HPV a chc\u00fa sa c\u00edti\u0165 v bezpe\u010d\u00ed aj v nasleduj\u00facich 3\u20135 rokoch. \u017den\u00e1m mlad\u0161\u00edm ako 30 rokov sa HPV test neodpor\u00fa\u010da \u2013 v\u00fdskyt HPV infekcie medzi mlad\u00fdmi \u013eu\u010fmi je ve\u013emi vysok\u00fd a nemus\u00ed v\u00f4bec ni\u010d znamena\u0165. Probl\u00e9my sp\u00f4sobuje a\u017e HPV infekcia, ktor\u00e1 v tele pretrv\u00e1va nieko\u013eko rokov (tzv. perzistentn\u00e9 infekcie) a postupne vedie k rozvoju ochorenia.<\/p>\n\n\n\n<p>HPV test hrad\u00ed pacientka zo svojich prostriedkov. Pois\u0165ov\u0148a hrad\u00ed toto vy\u0161etrenie iba v pr\u00edpade pozit\u00edvneho cytologick\u00e9ho n\u00e1lezu.<\/p>\n\n\n\n<h2 class=\"wp-block-heading has-medium-font-size\">Naj\u00fa\u010dinnej\u0161ia prevencia<\/h2>\n\n\n\n<p><strong>Kombin\u00e1cia prim\u00e1rnej a sekund\u00e1rnej prevencie.<\/strong><\/p>\n\n\n\n<figure class=\"wp-block-image size-large\"><img loading=\"lazy\" decoding=\"async\" width=\"1024\" height=\"576\" src=\"https:\/\/www.prenatalgyncare.sk\/wp-content\/uploads\/2025\/05\/image-3-1024x576.jpg\" alt=\"\" class=\"wp-image-610\" srcset=\"https:\/\/www.prenatalgyncare.sk\/wp-content\/uploads\/2025\/05\/image-3-1024x576.jpg 1024w, https:\/\/www.prenatalgyncare.sk\/wp-content\/uploads\/2025\/05\/image-3-300x169.jpg 300w, https:\/\/www.prenatalgyncare.sk\/wp-content\/uploads\/2025\/05\/image-3-768x432.jpg 768w, https:\/\/www.prenatalgyncare.sk\/wp-content\/uploads\/2025\/05\/image-3-1536x864.jpg 1536w, https:\/\/www.prenatalgyncare.sk\/wp-content\/uploads\/2025\/05\/image-3.jpg 1920w\" sizes=\"auto, (max-width: 1024px) 100vw, 1024px\" \/><\/figure>\n\n\n\n<p style=\"font-size:8px\">zdroj: https:\/\/www.scientificanimations.com\/<\/p>\n\n\n\n<p><\/p>\n","protected":false},"excerpt":{"rendered":"<p>HPV je v s\u00fa\u010dasnosti naj\u010dastej\u0161ia sexu\u00e1lne prenosn\u00e1 infekcia. Pred dosiahnut\u00edm veku 50 rokov sa genit\u00e1lna HPV infekcia objav\u00ed u 80 percent \u017eien a u najmenej 50 percent mu\u017eov. V\u00e4\u010d\u0161ina typov v\u00edrusu HPV spont\u00e1nne vymizne bez rozpoznate\u013en\u00fdch n\u00e1sledkov. Pokia\u013e k tomu ale ned\u00f4jde, infekcia m\u00f4\u017ee vies\u0165 k rozvoju mnoh\u00fdch ochoren\u00ed nap\u00e1daj\u00facich r\u00f4zne miesta na tele mu\u017eov [&hellip;]<\/p>\n","protected":false},"author":1,"featured_media":0,"parent":0,"menu_order":0,"comment_status":"closed","ping_status":"closed","template":"","meta":{"om_disable_all_campaigns":false,"_monsterinsights_skip_tracking":false,"_monsterinsights_sitenote_active":false,"_monsterinsights_sitenote_note":"","_monsterinsights_sitenote_category":0,"_uf_show_specific_survey":0,"_uf_disable_surveys":false,"footnotes":""},"class_list":["post-606","page","type-page","status-publish","hentry"],"aioseo_notices":[],"yoast_head":"<!-- This site is optimized with the Yoast SEO plugin v27.4 - https:\/\/yoast.com\/product\/yoast-seo-wordpress\/ -->\n<title>HPV - PrenatalGyn Care<\/title>\n<meta name=\"robots\" content=\"index, follow, max-snippet:-1, max-image-preview:large, max-video-preview:-1\" \/>\n<link rel=\"canonical\" href=\"https:\/\/www.prenatalgyncare.sk\/?page_id=606\" \/>\n<meta property=\"og:locale\" content=\"sk_SK\" \/>\n<meta property=\"og:type\" content=\"article\" \/>\n<meta property=\"og:title\" content=\"HPV - PrenatalGyn Care\" \/>\n<meta property=\"og:description\" content=\"HPV je v s\u00fa\u010dasnosti naj\u010dastej\u0161ia sexu\u00e1lne prenosn\u00e1 infekcia. Pred dosiahnut\u00edm veku 50 rokov sa genit\u00e1lna HPV infekcia objav\u00ed u 80 percent \u017eien a u najmenej 50 percent mu\u017eov. V\u00e4\u010d\u0161ina typov v\u00edrusu HPV spont\u00e1nne vymizne bez rozpoznate\u013en\u00fdch n\u00e1sledkov. Pokia\u013e k tomu ale ned\u00f4jde, infekcia m\u00f4\u017ee vies\u0165 k rozvoju mnoh\u00fdch ochoren\u00ed nap\u00e1daj\u00facich r\u00f4zne miesta na tele mu\u017eov [&hellip;]\" \/>\n<meta property=\"og:url\" content=\"https:\/\/www.prenatalgyncare.sk\/?page_id=606\" \/>\n<meta property=\"og:site_name\" content=\"PrenatalGyn Care\" \/>\n<meta property=\"article:modified_time\" content=\"2025-05-21T13:09:53+00:00\" \/>\n<meta property=\"og:image\" content=\"https:\/\/www.prenatalgyncare.sk\/wp-content\/uploads\/2025\/05\/image-3.jpg\" \/>\n\t<meta property=\"og:image:width\" content=\"1920\" \/>\n\t<meta property=\"og:image:height\" content=\"1080\" \/>\n\t<meta property=\"og:image:type\" content=\"image\/jpeg\" \/>\n<meta name=\"twitter:card\" content=\"summary_large_image\" \/>\n<meta name=\"twitter:label1\" content=\"Predpokladan\u00fd \u010das \u010d\u00edtania\" \/>\n\t<meta name=\"twitter:data1\" content=\"5 min\u00fat\" \/>\n<script type=\"application\/ld+json\" class=\"yoast-schema-graph\">{\"@context\":\"https:\\\/\\\/schema.org\",\"@graph\":[{\"@type\":\"WebPage\",\"@id\":\"https:\\\/\\\/www.prenatalgyncare.sk\\\/?page_id=606\",\"url\":\"https:\\\/\\\/www.prenatalgyncare.sk\\\/?page_id=606\",\"name\":\"HPV - PrenatalGyn Care\",\"isPartOf\":{\"@id\":\"https:\\\/\\\/www.prenatalgyncare.sk\\\/#website\"},\"primaryImageOfPage\":{\"@id\":\"https:\\\/\\\/www.prenatalgyncare.sk\\\/?page_id=606#primaryimage\"},\"image\":{\"@id\":\"https:\\\/\\\/www.prenatalgyncare.sk\\\/?page_id=606#primaryimage\"},\"thumbnailUrl\":\"https:\\\/\\\/www.prenatalgyncare.sk\\\/wp-content\\\/uploads\\\/2025\\\/05\\\/image-3-1024x576.jpg\",\"datePublished\":\"2025-05-21T13:09:52+00:00\",\"dateModified\":\"2025-05-21T13:09:53+00:00\",\"breadcrumb\":{\"@id\":\"https:\\\/\\\/www.prenatalgyncare.sk\\\/?page_id=606#breadcrumb\"},\"inLanguage\":\"sk-SK\",\"potentialAction\":[{\"@type\":\"ReadAction\",\"target\":[\"https:\\\/\\\/www.prenatalgyncare.sk\\\/?page_id=606\"]}]},{\"@type\":\"ImageObject\",\"inLanguage\":\"sk-SK\",\"@id\":\"https:\\\/\\\/www.prenatalgyncare.sk\\\/?page_id=606#primaryimage\",\"url\":\"https:\\\/\\\/www.prenatalgyncare.sk\\\/wp-content\\\/uploads\\\/2025\\\/05\\\/image-3.jpg\",\"contentUrl\":\"https:\\\/\\\/www.prenatalgyncare.sk\\\/wp-content\\\/uploads\\\/2025\\\/05\\\/image-3.jpg\",\"width\":1920,\"height\":1080},{\"@type\":\"BreadcrumbList\",\"@id\":\"https:\\\/\\\/www.prenatalgyncare.sk\\\/?page_id=606#breadcrumb\",\"itemListElement\":[{\"@type\":\"ListItem\",\"position\":1,\"name\":\"Home\",\"item\":\"https:\\\/\\\/www.prenatalgyncare.sk\\\/\"},{\"@type\":\"ListItem\",\"position\":2,\"name\":\"HPV\"}]},{\"@type\":\"WebSite\",\"@id\":\"https:\\\/\\\/www.prenatalgyncare.sk\\\/#website\",\"url\":\"https:\\\/\\\/www.prenatalgyncare.sk\\\/\",\"name\":\"PrenatalGyn Care\",\"description\":\"\",\"publisher\":{\"@id\":\"https:\\\/\\\/www.prenatalgyncare.sk\\\/#organization\"},\"potentialAction\":[{\"@type\":\"SearchAction\",\"target\":{\"@type\":\"EntryPoint\",\"urlTemplate\":\"https:\\\/\\\/www.prenatalgyncare.sk\\\/?s={search_term_string}\"},\"query-input\":{\"@type\":\"PropertyValueSpecification\",\"valueRequired\":true,\"valueName\":\"search_term_string\"}}],\"inLanguage\":\"sk-SK\"},{\"@type\":\"Organization\",\"@id\":\"https:\\\/\\\/www.prenatalgyncare.sk\\\/#organization\",\"name\":\"PrenatalGyn Care\",\"url\":\"https:\\\/\\\/www.prenatalgyncare.sk\\\/\",\"logo\":{\"@type\":\"ImageObject\",\"inLanguage\":\"sk-SK\",\"@id\":\"https:\\\/\\\/www.prenatalgyncare.sk\\\/#\\\/schema\\\/logo\\\/image\\\/\",\"url\":\"https:\\\/\\\/www.prenatalgyncare.sk\\\/wp-content\\\/uploads\\\/2024\\\/06\\\/cropped-LOGO-PGC-s-nazvom.png\",\"contentUrl\":\"https:\\\/\\\/www.prenatalgyncare.sk\\\/wp-content\\\/uploads\\\/2024\\\/06\\\/cropped-LOGO-PGC-s-nazvom.png\",\"width\":512,\"height\":512,\"caption\":\"PrenatalGyn Care\"},\"image\":{\"@id\":\"https:\\\/\\\/www.prenatalgyncare.sk\\\/#\\\/schema\\\/logo\\\/image\\\/\"}}]}<\/script>\n<!-- \/ Yoast SEO plugin. -->","yoast_head_json":{"title":"HPV - PrenatalGyn Care","robots":{"index":"index","follow":"follow","max-snippet":"max-snippet:-1","max-image-preview":"max-image-preview:large","max-video-preview":"max-video-preview:-1"},"canonical":"https:\/\/www.prenatalgyncare.sk\/?page_id=606","og_locale":"sk_SK","og_type":"article","og_title":"HPV - PrenatalGyn Care","og_description":"HPV je v s\u00fa\u010dasnosti naj\u010dastej\u0161ia sexu\u00e1lne prenosn\u00e1 infekcia. Pred dosiahnut\u00edm veku 50 rokov sa genit\u00e1lna HPV infekcia objav\u00ed u 80 percent \u017eien a u najmenej 50 percent mu\u017eov. V\u00e4\u010d\u0161ina typov v\u00edrusu HPV spont\u00e1nne vymizne bez rozpoznate\u013en\u00fdch n\u00e1sledkov. Pokia\u013e k tomu ale ned\u00f4jde, infekcia m\u00f4\u017ee vies\u0165 k rozvoju mnoh\u00fdch ochoren\u00ed nap\u00e1daj\u00facich r\u00f4zne miesta na tele mu\u017eov [&hellip;]","og_url":"https:\/\/www.prenatalgyncare.sk\/?page_id=606","og_site_name":"PrenatalGyn Care","article_modified_time":"2025-05-21T13:09:53+00:00","og_image":[{"width":1920,"height":1080,"url":"https:\/\/www.prenatalgyncare.sk\/wp-content\/uploads\/2025\/05\/image-3.jpg","type":"image\/jpeg"}],"twitter_card":"summary_large_image","twitter_misc":{"Predpokladan\u00fd \u010das \u010d\u00edtania":"5 min\u00fat"},"schema":{"@context":"https:\/\/schema.org","@graph":[{"@type":"WebPage","@id":"https:\/\/www.prenatalgyncare.sk\/?page_id=606","url":"https:\/\/www.prenatalgyncare.sk\/?page_id=606","name":"HPV - PrenatalGyn Care","isPartOf":{"@id":"https:\/\/www.prenatalgyncare.sk\/#website"},"primaryImageOfPage":{"@id":"https:\/\/www.prenatalgyncare.sk\/?page_id=606#primaryimage"},"image":{"@id":"https:\/\/www.prenatalgyncare.sk\/?page_id=606#primaryimage"},"thumbnailUrl":"https:\/\/www.prenatalgyncare.sk\/wp-content\/uploads\/2025\/05\/image-3-1024x576.jpg","datePublished":"2025-05-21T13:09:52+00:00","dateModified":"2025-05-21T13:09:53+00:00","breadcrumb":{"@id":"https:\/\/www.prenatalgyncare.sk\/?page_id=606#breadcrumb"},"inLanguage":"sk-SK","potentialAction":[{"@type":"ReadAction","target":["https:\/\/www.prenatalgyncare.sk\/?page_id=606"]}]},{"@type":"ImageObject","inLanguage":"sk-SK","@id":"https:\/\/www.prenatalgyncare.sk\/?page_id=606#primaryimage","url":"https:\/\/www.prenatalgyncare.sk\/wp-content\/uploads\/2025\/05\/image-3.jpg","contentUrl":"https:\/\/www.prenatalgyncare.sk\/wp-content\/uploads\/2025\/05\/image-3.jpg","width":1920,"height":1080},{"@type":"BreadcrumbList","@id":"https:\/\/www.prenatalgyncare.sk\/?page_id=606#breadcrumb","itemListElement":[{"@type":"ListItem","position":1,"name":"Home","item":"https:\/\/www.prenatalgyncare.sk\/"},{"@type":"ListItem","position":2,"name":"HPV"}]},{"@type":"WebSite","@id":"https:\/\/www.prenatalgyncare.sk\/#website","url":"https:\/\/www.prenatalgyncare.sk\/","name":"PrenatalGyn Care","description":"","publisher":{"@id":"https:\/\/www.prenatalgyncare.sk\/#organization"},"potentialAction":[{"@type":"SearchAction","target":{"@type":"EntryPoint","urlTemplate":"https:\/\/www.prenatalgyncare.sk\/?s={search_term_string}"},"query-input":{"@type":"PropertyValueSpecification","valueRequired":true,"valueName":"search_term_string"}}],"inLanguage":"sk-SK"},{"@type":"Organization","@id":"https:\/\/www.prenatalgyncare.sk\/#organization","name":"PrenatalGyn Care","url":"https:\/\/www.prenatalgyncare.sk\/","logo":{"@type":"ImageObject","inLanguage":"sk-SK","@id":"https:\/\/www.prenatalgyncare.sk\/#\/schema\/logo\/image\/","url":"https:\/\/www.prenatalgyncare.sk\/wp-content\/uploads\/2024\/06\/cropped-LOGO-PGC-s-nazvom.png","contentUrl":"https:\/\/www.prenatalgyncare.sk\/wp-content\/uploads\/2024\/06\/cropped-LOGO-PGC-s-nazvom.png","width":512,"height":512,"caption":"PrenatalGyn Care"},"image":{"@id":"https:\/\/www.prenatalgyncare.sk\/#\/schema\/logo\/image\/"}}]}},"_links":{"self":[{"href":"https:\/\/www.prenatalgyncare.sk\/index.php?rest_route=\/wp\/v2\/pages\/606","targetHints":{"allow":["GET"]}}],"collection":[{"href":"https:\/\/www.prenatalgyncare.sk\/index.php?rest_route=\/wp\/v2\/pages"}],"about":[{"href":"https:\/\/www.prenatalgyncare.sk\/index.php?rest_route=\/wp\/v2\/types\/page"}],"author":[{"embeddable":true,"href":"https:\/\/www.prenatalgyncare.sk\/index.php?rest_route=\/wp\/v2\/users\/1"}],"replies":[{"embeddable":true,"href":"https:\/\/www.prenatalgyncare.sk\/index.php?rest_route=%2Fwp%2Fv2%2Fcomments&post=606"}],"version-history":[{"count":1,"href":"https:\/\/www.prenatalgyncare.sk\/index.php?rest_route=\/wp\/v2\/pages\/606\/revisions"}],"predecessor-version":[{"id":611,"href":"https:\/\/www.prenatalgyncare.sk\/index.php?rest_route=\/wp\/v2\/pages\/606\/revisions\/611"}],"wp:attachment":[{"href":"https:\/\/www.prenatalgyncare.sk\/index.php?rest_route=%2Fwp%2Fv2%2Fmedia&parent=606"}],"curies":[{"name":"wp","href":"https:\/\/api.w.org\/{rel}","templated":true}]}}