{"id":625,"date":"2025-05-21T23:23:31","date_gmt":"2025-05-21T21:23:31","guid":{"rendered":"https:\/\/www.prenatalgyncare.sk\/?page_id=625"},"modified":"2025-05-21T23:23:32","modified_gmt":"2025-05-21T21:23:32","slug":"caste-gynekologicke-nalezy","status":"publish","type":"page","link":"https:\/\/www.prenatalgyncare.sk\/?page_id=625","title":{"rendered":"\u010cast\u00e9 gynekologick\u00e9 n\u00e1lezy"},"content":{"rendered":"\n<p><\/p>\n\n\n\n<ul class=\"wp-block-list\">\n<li class=\"has-medium-font-size\"><a href=\"https:\/\/www.prenatalgyncare.sk\/?page_id=600\">Dyspl\u00e1zie kr\u010dka maternice<\/a><\/li>\n\n\n\n<li class=\"has-medium-font-size\"><a href=\"https:\/\/www.prenatalgyncare.sk\/?page_id=606\">HPV<\/a><\/li>\n\n\n\n<li class=\"has-medium-font-size\"><a href=\"https:\/\/www.prenatalgyncare.sk\/?page_id=603\">My\u00f3my<\/a><\/li>\n<\/ul>\n\n\n\n<p><\/p>\n","protected":false},"excerpt":{"rendered":"","protected":false},"author":1,"featured_media":0,"parent":0,"menu_order":0,"comment_status":"closed","ping_status":"closed","template":"","meta":{"om_disable_all_campaigns":false,"_monsterinsights_skip_tracking":false,"_monsterinsights_sitenote_active":false,"_monsterinsights_sitenote_note":"","_monsterinsights_sitenote_category":0,"_uf_show_specific_survey":0,"_uf_disable_surveys":false,"footnotes":""},"class_list":["post-625","page","type-page","status-publish","hentry"],"aioseo_notices":[],"yoast_head":"<!-- This site is optimized with the Yoast SEO plugin v27.4 - https:\/\/yoast.com\/product\/yoast-seo-wordpress\/ -->\n<title>\u010cast\u00e9 gynekologick\u00e9 n\u00e1lezy - PrenatalGyn Care<\/title>\n<meta name=\"robots\" content=\"index, follow, max-snippet:-1, max-image-preview:large, max-video-preview:-1\" \/>\n<link rel=\"canonical\" href=\"https:\/\/www.prenatalgyncare.sk\/?page_id=625\" \/>\n<meta property=\"og:locale\" content=\"sk_SK\" \/>\n<meta property=\"og:type\" content=\"article\" \/>\n<meta property=\"og:title\" content=\"\u010cast\u00e9 gynekologick\u00e9 n\u00e1lezy - PrenatalGyn Care\" \/>\n<meta property=\"og:url\" content=\"https:\/\/www.prenatalgyncare.sk\/?page_id=625\" \/>\n<meta property=\"og:site_name\" content=\"PrenatalGyn Care\" \/>\n<meta property=\"article:modified_time\" content=\"2025-05-21T21:23:32+00:00\" \/>\n<meta name=\"twitter:card\" content=\"summary_large_image\" \/>\n<meta name=\"twitter:label1\" content=\"Predpokladan\u00fd \u010das \u010d\u00edtania\" \/>\n\t<meta name=\"twitter:data1\" content=\"1 min\u00fata\" \/>\n<script type=\"application\/ld+json\" class=\"yoast-schema-graph\">{\"@context\":\"https:\\\/\\\/schema.org\",\"@graph\":[{\"@type\":\"WebPage\",\"@id\":\"https:\\\/\\\/www.prenatalgyncare.sk\\\/?page_id=625\",\"url\":\"https:\\\/\\\/www.prenatalgyncare.sk\\\/?page_id=625\",\"name\":\"\u010cast\u00e9 gynekologick\u00e9 n\u00e1lezy - PrenatalGyn Care\",\"isPartOf\":{\"@id\":\"https:\\\/\\\/www.prenatalgyncare.sk\\\/#website\"},\"datePublished\":\"2025-05-21T21:23:31+00:00\",\"dateModified\":\"2025-05-21T21:23:32+00:00\",\"breadcrumb\":{\"@id\":\"https:\\\/\\\/www.prenatalgyncare.sk\\\/?page_id=625#breadcrumb\"},\"inLanguage\":\"sk-SK\",\"potentialAction\":[{\"@type\":\"ReadAction\",\"target\":[\"https:\\\/\\\/www.prenatalgyncare.sk\\\/?page_id=625\"]}]},{\"@type\":\"BreadcrumbList\",\"@id\":\"https:\\\/\\\/www.prenatalgyncare.sk\\\/?page_id=625#breadcrumb\",\"itemListElement\":[{\"@type\":\"ListItem\",\"position\":1,\"name\":\"Home\",\"item\":\"https:\\\/\\\/www.prenatalgyncare.sk\\\/\"},{\"@type\":\"ListItem\",\"position\":2,\"name\":\"\u010cast\u00e9 gynekologick\u00e9 n\u00e1lezy\"}]},{\"@type\":\"WebSite\",\"@id\":\"https:\\\/\\\/www.prenatalgyncare.sk\\\/#website\",\"url\":\"https:\\\/\\\/www.prenatalgyncare.sk\\\/\",\"name\":\"PrenatalGyn Care\",\"description\":\"\",\"publisher\":{\"@id\":\"https:\\\/\\\/www.prenatalgyncare.sk\\\/#organization\"},\"potentialAction\":[{\"@type\":\"SearchAction\",\"target\":{\"@type\":\"EntryPoint\",\"urlTemplate\":\"https:\\\/\\\/www.prenatalgyncare.sk\\\/?s={search_term_string}\"},\"query-input\":{\"@type\":\"PropertyValueSpecification\",\"valueRequired\":true,\"valueName\":\"search_term_string\"}}],\"inLanguage\":\"sk-SK\"},{\"@type\":\"Organization\",\"@id\":\"https:\\\/\\\/www.prenatalgyncare.sk\\\/#organization\",\"name\":\"PrenatalGyn Care\",\"url\":\"https:\\\/\\\/www.prenatalgyncare.sk\\\/\",\"logo\":{\"@type\":\"ImageObject\",\"inLanguage\":\"sk-SK\",\"@id\":\"https:\\\/\\\/www.prenatalgyncare.sk\\\/#\\\/schema\\\/logo\\\/image\\\/\",\"url\":\"https:\\\/\\\/www.prenatalgyncare.sk\\\/wp-content\\\/uploads\\\/2024\\\/06\\\/cropped-LOGO-PGC-s-nazvom.png\",\"contentUrl\":\"https:\\\/\\\/www.prenatalgyncare.sk\\\/wp-content\\\/uploads\\\/2024\\\/06\\\/cropped-LOGO-PGC-s-nazvom.png\",\"width\":512,\"height\":512,\"caption\":\"PrenatalGyn Care\"},\"image\":{\"@id\":\"https:\\\/\\\/www.prenatalgyncare.sk\\\/#\\\/schema\\\/logo\\\/image\\\/\"}}]}<\/script>\n<!-- \/ Yoast SEO plugin. -->","yoast_head_json":{"title":"\u010cast\u00e9 gynekologick\u00e9 n\u00e1lezy - PrenatalGyn Care","robots":{"index":"index","follow":"follow","max-snippet":"max-snippet:-1","max-image-preview":"max-image-preview:large","max-video-preview":"max-video-preview:-1"},"canonical":"https:\/\/www.prenatalgyncare.sk\/?page_id=625","og_locale":"sk_SK","og_type":"article","og_title":"\u010cast\u00e9 gynekologick\u00e9 n\u00e1lezy - PrenatalGyn Care","og_url":"https:\/\/www.prenatalgyncare.sk\/?page_id=625","og_site_name":"PrenatalGyn Care","article_modified_time":"2025-05-21T21:23:32+00:00","twitter_card":"summary_large_image","twitter_misc":{"Predpokladan\u00fd \u010das \u010d\u00edtania":"1 min\u00fata"},"schema":{"@context":"https:\/\/schema.org","@graph":[{"@type":"WebPage","@id":"https:\/\/www.prenatalgyncare.sk\/?page_id=625","url":"https:\/\/www.prenatalgyncare.sk\/?page_id=625","name":"\u010cast\u00e9 gynekologick\u00e9 n\u00e1lezy - PrenatalGyn Care","isPartOf":{"@id":"https:\/\/www.prenatalgyncare.sk\/#website"},"datePublished":"2025-05-21T21:23:31+00:00","dateModified":"2025-05-21T21:23:32+00:00","breadcrumb":{"@id":"https:\/\/www.prenatalgyncare.sk\/?page_id=625#breadcrumb"},"inLanguage":"sk-SK","potentialAction":[{"@type":"ReadAction","target":["https:\/\/www.prenatalgyncare.sk\/?page_id=625"]}]},{"@type":"BreadcrumbList","@id":"https:\/\/www.prenatalgyncare.sk\/?page_id=625#breadcrumb","itemListElement":[{"@type":"ListItem","position":1,"name":"Home","item":"https:\/\/www.prenatalgyncare.sk\/"},{"@type":"ListItem","position":2,"name":"\u010cast\u00e9 gynekologick\u00e9 n\u00e1lezy"}]},{"@type":"WebSite","@id":"https:\/\/www.prenatalgyncare.sk\/#website","url":"https:\/\/www.prenatalgyncare.sk\/","name":"PrenatalGyn Care","description":"","publisher":{"@id":"https:\/\/www.prenatalgyncare.sk\/#organization"},"potentialAction":[{"@type":"SearchAction","target":{"@type":"EntryPoint","urlTemplate":"https:\/\/www.prenatalgyncare.sk\/?s={search_term_string}"},"query-input":{"@type":"PropertyValueSpecification","valueRequired":true,"valueName":"search_term_string"}}],"inLanguage":"sk-SK"},{"@type":"Organization","@id":"https:\/\/www.prenatalgyncare.sk\/#organization","name":"PrenatalGyn Care","url":"https:\/\/www.prenatalgyncare.sk\/","logo":{"@type":"ImageObject","inLanguage":"sk-SK","@id":"https:\/\/www.prenatalgyncare.sk\/#\/schema\/logo\/image\/","url":"https:\/\/www.prenatalgyncare.sk\/wp-content\/uploads\/2024\/06\/cropped-LOGO-PGC-s-nazvom.png","contentUrl":"https:\/\/www.prenatalgyncare.sk\/wp-content\/uploads\/2024\/06\/cropped-LOGO-PGC-s-nazvom.png","width":512,"height":512,"caption":"PrenatalGyn Care"},"image":{"@id":"https:\/\/www.prenatalgyncare.sk\/#\/schema\/logo\/image\/"}}]}},"_links":{"self":[{"href":"https:\/\/www.prenatalgyncare.sk\/index.php?rest_route=\/wp\/v2\/pages\/625","targetHints":{"allow":["GET"]}}],"collection":[{"href":"https:\/\/www.prenatalgyncare.sk\/index.php?rest_route=\/wp\/v2\/pages"}],"about":[{"href":"https:\/\/www.prenatalgyncare.sk\/index.php?rest_route=\/wp\/v2\/types\/page"}],"author":[{"embeddable":true,"href":"https:\/\/www.prenatalgyncare.sk\/index.php?rest_route=\/wp\/v2\/users\/1"}],"replies":[{"embeddable":true,"href":"https:\/\/www.prenatalgyncare.sk\/index.php?rest_route=%2Fwp%2Fv2%2Fcomments&post=625"}],"version-history":[{"count":1,"href":"https:\/\/www.prenatalgyncare.sk\/index.php?rest_route=\/wp\/v2\/pages\/625\/revisions"}],"predecessor-version":[{"id":626,"href":"https:\/\/www.prenatalgyncare.sk\/index.php?rest_route=\/wp\/v2\/pages\/625\/revisions\/626"}],"wp:attachment":[{"href":"https:\/\/www.prenatalgyncare.sk\/index.php?rest_route=%2Fwp%2Fv2%2Fmedia&parent=625"}],"curies":[{"name":"wp","href":"https:\/\/api.w.org\/{rel}","templated":true}]}}